{"id":973,"date":"2021-11-04T12:19:14","date_gmt":"2021-11-04T12:19:14","guid":{"rendered":"https:\/\/linhaambiente-beta.ynexus.com\/?page_id=973"},"modified":"2024-03-05T11:28:51","modified_gmt":"2024-03-05T11:28:51","slug":"venda-exportacao-metais","status":"publish","type":"page","link":"https:\/\/linhambiente.pt\/en\/materials\/sale-metals\/","title":{"rendered":"Sale of Metals"},"content":{"rendered":"<div class=\"vc_row wpb_row vc_row-fluid vc_custom_1639655920258 vc_row-o-equal-height vc_row-o-content-middle vc_row-flex\"><div class=\"wpb_column vc_column_container vc_col-sm-6\"><div class=\"vc_column-inner\"><div class=\"wpb_wrapper\"><style type=\"text\/css\" data-type=\"the7_shortcodes-inline-css\">.gallery-shortcode.gallery-masonry-shortcode-id-8fb33b32cc44e59f858bb9f9bd4bedbc figure,\n.gallery-shortcode.gallery-masonry-shortcode-id-8fb33b32cc44e59f858bb9f9bd4bedbc .rollover,\n.gallery-shortcode.gallery-masonry-shortcode-id-8fb33b32cc44e59f858bb9f9bd4bedbc img,\n.gallery-shortcode.gallery-masonry-shortcode-id-8fb33b32cc44e59f858bb9f9bd4bedbc .gallery-rollover {\n  border-radius: 0px;\n}\n.gallery-shortcode.gallery-masonry-shortcode-id-8fb33b32cc44e59f858bb9f9bd4bedbc.enable-bg-rollover .gallery-rollover {\n  background: -webkit-linear-gradient();\n  background: linear-gradient();\n}\n.gallery-shortcode.gallery-masonry-shortcode-id-8fb33b32cc44e59f858bb9f9bd4bedbc.enable-bg-rollover.hover-scale figure .rollover:after {\n  background: -webkit-linear-gradient();\n  background: linear-gradient();\n}\n.gallery-shortcode.gallery-masonry-shortcode-id-8fb33b32cc44e59f858bb9f9bd4bedbc .gallery-zoom-ico {\n  width: 44px;\n  height: 44px;\n  line-height: 44px;\n  border-radius: 100px;\n  margin: -22px 0 0 -22px;\n  border-width: 0px;\n  color: #ffffff;\n}\n.dt-icon-bg-on.gallery-shortcode.gallery-masonry-shortcode-id-8fb33b32cc44e59f858bb9f9bd4bedbc .gallery-zoom-ico {\n  background: rgba(255,255,255,0.3);\n  box-shadow: none;\n}\n.gallery-shortcode.gallery-masonry-shortcode-id-8fb33b32cc44e59f858bb9f9bd4bedbc .gallery-zoom-ico:before,\n.gallery-shortcode.gallery-masonry-shortcode-id-8fb33b32cc44e59f858bb9f9bd4bedbc .gallery-zoom-ico span {\n  font-size: 32px;\n  line-height: 44px;\n  color: #ffffff;\n}\n.gallery-shortcode.gallery-masonry-shortcode-id-8fb33b32cc44e59f858bb9f9bd4bedbc:not(.resize-by-browser-width) .dt-css-grid {\n  grid-row-gap: 10px;\n  grid-column-gap: 10px;\n  grid-template-columns: repeat(auto-fill,minmax(,1fr));\n}\n.gallery-shortcode.gallery-masonry-shortcode-id-8fb33b32cc44e59f858bb9f9bd4bedbc:not(.resize-by-browser-width) .dt-css-grid .double-width {\n  grid-column: span 2;\n}\n.cssgridlegacy.no-cssgrid .gallery-shortcode.gallery-masonry-shortcode-id-8fb33b32cc44e59f858bb9f9bd4bedbc:not(.resize-by-browser-width) .dt-css-grid,\n.no-cssgridlegacy.no-cssgrid .gallery-shortcode.gallery-masonry-shortcode-id-8fb33b32cc44e59f858bb9f9bd4bedbc:not(.resize-by-browser-width) .dt-css-grid {\n  display: flex;\n  flex-flow: row wrap;\n  margin: -5px;\n}\n.cssgridlegacy.no-cssgrid .gallery-shortcode.gallery-masonry-shortcode-id-8fb33b32cc44e59f858bb9f9bd4bedbc:not(.resize-by-browser-width) .dt-css-grid .wf-cell,\n.no-cssgridlegacy.no-cssgrid .gallery-shortcode.gallery-masonry-shortcode-id-8fb33b32cc44e59f858bb9f9bd4bedbc:not(.resize-by-browser-width) .dt-css-grid .wf-cell {\n  flex: 1 0 ;\n  max-width: 100%;\n  padding: 5px;\n  box-sizing: border-box;\n}\n.gallery-shortcode.gallery-masonry-shortcode-id-8fb33b32cc44e59f858bb9f9bd4bedbc.resize-by-browser-width .dt-css-grid {\n  grid-template-columns: repeat(2,1fr);\n  grid-template-rows: auto;\n  grid-column-gap: 10px;\n  grid-row-gap: 10px;\n}\n.gallery-shortcode.gallery-masonry-shortcode-id-8fb33b32cc44e59f858bb9f9bd4bedbc.resize-by-browser-width .dt-css-grid .double-width {\n  grid-column: span 2;\n}\n.cssgridlegacy.no-cssgrid .gallery-shortcode.gallery-masonry-shortcode-id-8fb33b32cc44e59f858bb9f9bd4bedbc.resize-by-browser-width .dt-css-grid {\n  margin: -5px;\n}\n.cssgridlegacy.no-cssgrid .gallery-shortcode.gallery-masonry-shortcode-id-8fb33b32cc44e59f858bb9f9bd4bedbc.resize-by-browser-width .dt-css-grid .wf-cell {\n  width: 50%;\n  padding: 5px;\n}\n.cssgridlegacy.no-cssgrid .gallery-shortcode.gallery-masonry-shortcode-id-8fb33b32cc44e59f858bb9f9bd4bedbc.resize-by-browser-width .dt-css-grid .wf-cell.double-width {\n  width: calc(50%) * 2;\n}\n.gallery-shortcode.gallery-masonry-shortcode-id-8fb33b32cc44e59f858bb9f9bd4bedbc.resize-by-browser-width:not(.centered-layout-list):not(.content-bg-on) .dt-css-grid {\n  grid-row-gap: 10px - ;\n}\n@media screen and (max-width: 1199px) {\n  .gallery-shortcode.gallery-masonry-shortcode-id-8fb33b32cc44e59f858bb9f9bd4bedbc.resize-by-browser-width .dt-css-grid {\n    grid-template-columns: repeat(2,1fr);\n  }\n  .cssgridlegacy.no-cssgrid .gallery-shortcode.gallery-masonry-shortcode-id-8fb33b32cc44e59f858bb9f9bd4bedbc.resize-by-browser-width .dt-css-grid .wf-cell,\n  .no-cssgridlegacy.no-cssgrid .gallery-shortcode.gallery-masonry-shortcode-id-8fb33b32cc44e59f858bb9f9bd4bedbc.resize-by-browser-width .dt-css-grid .wf-cell {\n    width: 50%;\n  }\n  .cssgridlegacy.no-cssgrid .gallery-shortcode.gallery-masonry-shortcode-id-8fb33b32cc44e59f858bb9f9bd4bedbc.resize-by-browser-width .dt-css-grid .wf-cell.double-width,\n  .no-cssgridlegacy.no-cssgrid .gallery-shortcode.gallery-masonry-shortcode-id-8fb33b32cc44e59f858bb9f9bd4bedbc.resize-by-browser-width .dt-css-grid .wf-cell.double-width {\n    width: calc(50%)*2;\n  }\n}\n@media screen and (max-width: 991px) {\n  .gallery-shortcode.gallery-masonry-shortcode-id-8fb33b32cc44e59f858bb9f9bd4bedbc.resize-by-browser-width .dt-css-grid {\n    grid-template-columns: repeat(2,1fr);\n  }\n  .cssgridlegacy.no-cssgrid .gallery-shortcode.gallery-masonry-shortcode-id-8fb33b32cc44e59f858bb9f9bd4bedbc.resize-by-browser-width .dt-css-grid .wf-cell,\n  .no-cssgridlegacy.no-cssgrid .gallery-shortcode.gallery-masonry-shortcode-id-8fb33b32cc44e59f858bb9f9bd4bedbc.resize-by-browser-width .dt-css-grid .wf-cell {\n    width: 50%;\n  }\n  .cssgridlegacy.no-cssgrid .gallery-shortcode.gallery-masonry-shortcode-id-8fb33b32cc44e59f858bb9f9bd4bedbc.resize-by-browser-width .dt-css-grid .wf-cell.double-width,\n  .no-cssgridlegacy.no-cssgrid .gallery-shortcode.gallery-masonry-shortcode-id-8fb33b32cc44e59f858bb9f9bd4bedbc.resize-by-browser-width .dt-css-grid .wf-cell.double-width {\n    width: calc(50%)*2;\n  }\n}\n@media screen and (max-width: 767px) {\n  .gallery-shortcode.gallery-masonry-shortcode-id-8fb33b32cc44e59f858bb9f9bd4bedbc.resize-by-browser-width .dt-css-grid {\n    grid-template-columns: repeat(1,1fr);\n  }\n  .cssgridlegacy.no-cssgrid .gallery-shortcode.gallery-masonry-shortcode-id-8fb33b32cc44e59f858bb9f9bd4bedbc.resize-by-browser-width .dt-css-grid .wf-cell,\n  .no-cssgridlegacy.no-cssgrid .gallery-shortcode.gallery-masonry-shortcode-id-8fb33b32cc44e59f858bb9f9bd4bedbc.resize-by-browser-width .dt-css-grid .wf-cell {\n    width: 100%;\n  }\n  .cssgridlegacy.no-cssgrid .gallery-shortcode.gallery-masonry-shortcode-id-8fb33b32cc44e59f858bb9f9bd4bedbc.resize-by-browser-width .dt-css-grid .wf-cell.double-width,\n  .no-cssgridlegacy.no-cssgrid .gallery-shortcode.gallery-masonry-shortcode-id-8fb33b32cc44e59f858bb9f9bd4bedbc.resize-by-browser-width .dt-css-grid .wf-cell.double-width {\n    width: calc(100%)*2;\n  }\n}\n<\/style><div class=\"gallery-shortcode dt-gallery-container gallery-masonry-shortcode-id-8fb33b32cc44e59f858bb9f9bd4bedbc mode-grid jquery-filter dt-icon-bg-off quick-scale-img dt-css-grid-wrap enable-bg-rollover resize-by-browser-width  hover-fade loading-effect-none description-on-hover\" data-padding=\"5px\" data-cur-page=\"1\" data-post-limit=\"-1\" data-pagination-mode=\"none\" data-desktop-columns-num=\"2\" data-v-tablet-columns-num=\"2\" data-h-tablet-columns-num=\"2\" data-phone-columns-num=\"1\" data-width=\"0px\" data-columns=\"0\"><div class=\"dt-css-grid\" ><div class=\"wf-cell\" data-post-id=\"1376\" data-date=\"2022-01-20T10:07:53+00:00\" data-name=\"Venda e Exporta\u00e7\u00e3o de Metais - Cobre\"><figure class=\"post visible\"><a href=\"https:\/\/linhambiente.pt\/wp-content\/uploads\/2022\/01\/Linhambiente_Materiais_Venda_Metal_Cobre.jpg\" class=\"rollover dt-pswp-item layzr-bg\" data-large_image_width=\"1200\" data-large_image_height=\"675\" data-dt-img-description=\"\" title=\"Sale and Export of Metals - Copper\"><img decoding=\"async\" class=\"preload-me iso-lazy-load\" src=\"data:image\/svg+xml,%3Csvg%20xmlns%3D&#39;http%3A%2F%2Fwww.w3.org%2F2000%2Fsvg&#39;%20viewBox%3D&#39;0%200%20768%20432&#39;%2F%3E\" data-src=\"https:\/\/linhambiente.pt\/wp-content\/uploads\/2022\/01\/Linhambiente_Materiais_Venda_Metal_Cobre-768x432.jpg\" data-srcset=\"https:\/\/linhambiente.pt\/wp-content\/uploads\/2022\/01\/Linhambiente_Materiais_Venda_Metal_Cobre-768x432.jpg 768w, https:\/\/linhambiente.pt\/wp-content\/uploads\/2022\/01\/Linhambiente_Materiais_Venda_Metal_Cobre-1152x648.jpg 1152w\" alt=\"Linhambiente - Sale and Export of Metals - Copper\" width=\"768\" height=\"432\"  \/><span class=\"gallery-rollover\"><span class=\"gallery-zoom-ico icomoon-the7-font-the7-zoom-06\"><span><\/span><\/span><\/span><\/a><\/figure><\/div><div class=\"wf-cell\" data-post-id=\"1379\" data-date=\"2022-01-20T10:07:58+00:00\" data-name=\"Venda e Exporta\u00e7\u00e3o de Metais - Sucata de metal comprimida\"><figure class=\"post visible\"><a href=\"https:\/\/linhambiente.pt\/wp-content\/uploads\/2022\/01\/Linhambiente_Materiais_Venda_Metal_sucata_metal_comprimida.jpg\" class=\"rollover dt-pswp-item layzr-bg\" data-large_image_width=\"1200\" data-large_image_height=\"675\" data-dt-img-description=\"\" title=\"Sale and Export of Metals - Compressed metal scrap\"><img decoding=\"async\" class=\"preload-me iso-lazy-load\" src=\"data:image\/svg+xml,%3Csvg%20xmlns%3D&#39;http%3A%2F%2Fwww.w3.org%2F2000%2Fsvg&#39;%20viewBox%3D&#39;0%200%20768%20432&#39;%2F%3E\" data-src=\"https:\/\/linhambiente.pt\/wp-content\/uploads\/2022\/01\/Linhambiente_Materiais_Venda_Metal_sucata_metal_comprimida-768x432.jpg\" data-srcset=\"https:\/\/linhambiente.pt\/wp-content\/uploads\/2022\/01\/Linhambiente_Materiais_Venda_Metal_sucata_metal_comprimida-768x432.jpg 768w, https:\/\/linhambiente.pt\/wp-content\/uploads\/2022\/01\/Linhambiente_Materiais_Venda_Metal_sucata_metal_comprimida-1152x648.jpg 1152w\" alt=\"Linhambiente - Sale and Export of Metals - Compressed metal scrap\" width=\"768\" height=\"432\"  \/><span class=\"gallery-rollover\"><span class=\"gallery-zoom-ico icomoon-the7-font-the7-zoom-06\"><span><\/span><\/span><\/span><\/a><\/figure><\/div><div class=\"wf-cell\" data-post-id=\"1378\" data-date=\"2022-01-20T10:07:56+00:00\" data-name=\"Venda e Exporta\u00e7\u00e3o de Metais - Sucata de metal\"><figure class=\"post visible\"><a href=\"https:\/\/linhambiente.pt\/wp-content\/uploads\/2022\/01\/Linhambiente_Materiais_Venda_Metal_sucata_metal.jpg\" class=\"rollover dt-pswp-item layzr-bg\" data-large_image_width=\"1200\" data-large_image_height=\"675\" data-dt-img-description=\"\" title=\"Sale and Export of Metals - Metal scrap\"><img decoding=\"async\" class=\"preload-me iso-lazy-load\" src=\"data:image\/svg+xml,%3Csvg%20xmlns%3D&#39;http%3A%2F%2Fwww.w3.org%2F2000%2Fsvg&#39;%20viewBox%3D&#39;0%200%20768%20432&#39;%2F%3E\" data-src=\"https:\/\/linhambiente.pt\/wp-content\/uploads\/2022\/01\/Linhambiente_Materiais_Venda_Metal_sucata_metal-768x432.jpg\" data-srcset=\"https:\/\/linhambiente.pt\/wp-content\/uploads\/2022\/01\/Linhambiente_Materiais_Venda_Metal_sucata_metal-768x432.jpg 768w, https:\/\/linhambiente.pt\/wp-content\/uploads\/2022\/01\/Linhambiente_Materiais_Venda_Metal_sucata_metal-1152x648.jpg 1152w\" alt=\"Linhambiente - Sale and Export of Metals - Metal scrap\" width=\"768\" height=\"432\"  \/><span class=\"gallery-rollover\"><span class=\"gallery-zoom-ico icomoon-the7-font-the7-zoom-06\"><span><\/span><\/span><\/span><\/a><\/figure><\/div><div class=\"wf-cell\" data-post-id=\"1377\" data-date=\"2022-01-20T10:07:55+00:00\" data-name=\"Venda e Exporta\u00e7\u00e3o de Metais - Lata\"><figure class=\"post visible\"><a href=\"https:\/\/linhambiente.pt\/wp-content\/uploads\/2022\/01\/Linhambiente_Materiais_Venda_Metal_Lata.jpg\" class=\"rollover dt-pswp-item layzr-bg\" data-large_image_width=\"1200\" data-large_image_height=\"675\" data-dt-img-description=\"\" title=\"Sale and Export of Metals - Can\"><img decoding=\"async\" class=\"preload-me iso-lazy-load\" src=\"data:image\/svg+xml,%3Csvg%20xmlns%3D&#39;http%3A%2F%2Fwww.w3.org%2F2000%2Fsvg&#39;%20viewBox%3D&#39;0%200%20768%20432&#39;%2F%3E\" data-src=\"https:\/\/linhambiente.pt\/wp-content\/uploads\/2022\/01\/Linhambiente_Materiais_Venda_Metal_Lata-768x432.jpg\" data-srcset=\"https:\/\/linhambiente.pt\/wp-content\/uploads\/2022\/01\/Linhambiente_Materiais_Venda_Metal_Lata-768x432.jpg 768w, https:\/\/linhambiente.pt\/wp-content\/uploads\/2022\/01\/Linhambiente_Materiais_Venda_Metal_Lata-1152x648.jpg 1152w\" alt=\"Linhambiente - Sale and Export of Metals - Can\" width=\"768\" height=\"432\"  \/><span class=\"gallery-rollover\"><span class=\"gallery-zoom-ico icomoon-the7-font-the7-zoom-06\"><span><\/span><\/span><\/span><\/a><\/figure><\/div><\/div><!-- iso-container|iso-grid --><\/div><\/div><\/div><\/div><div class=\"wpb_column vc_column_container vc_col-sm-6\"><div class=\"vc_column-inner\"><div class=\"wpb_wrapper\">\n\t<div class=\"wpb_text_column wpb_content_element  vc_custom_1639743224249\" >\n\t\t<div class=\"wpb_wrapper\">\n\t\t\t<p data-renderer-start-pos=\"9800\"><span style=\"color: #000000;\">We sell different types of ferrous and non-ferrous metals. In bale and in bulk. All in accordance with current legislation.<\/span><\/p>\n<p data-renderer-start-pos=\"9925\"><span style=\"color: #000000;\"><strong>Contact us to find out more.<\/strong><\/span><\/p>\n<p data-renderer-start-pos=\"9956\"><span style=\"color: #000000;\">The environment thanks you.<\/span><\/p>\n\n\t\t<\/div>\n\t<\/div>\n<\/div><\/div><\/div><\/div><div data-vc-full-width=\"true\" data-vc-full-width-init=\"false\" class=\"vc_row wpb_row vc_row-fluid vc_custom_1632408959763 vc_row-has-fill\"><div class=\"wpb_column vc_column_container vc_col-sm-12\"><div class=\"vc_column-inner\"><div class=\"wpb_wrapper\"><div id=\"ultimate-heading-796369e5b236028e0\" class=\"uvc-heading ult-adjust-bottom-margin ultimate-heading-796369e5b236028e0 uvc-8459  uvc-heading-default-font-sizes\" data-hspacer=\"no_spacer\"  data-halign=\"center\" style=\"text-align:center\"><div class=\"uvc-heading-spacer no_spacer\" style=\"top\"><\/div><div class=\"uvc-main-heading ult-responsive\"  data-ultimate-target='.uvc-heading.ultimate-heading-796369e5b236028e0 h3'  data-responsive-json-new='{\"font-size\":\"\",\"line-height\":\"\"}' ><h3 style=\"font-weight:bold;color:#000000;margin-bottom:20px;\">For more information or quote requests<\/h3><\/div><\/div><style type=\"text\/css\" data-type=\"the7_shortcodes-inline-css\">#default-btn-c32d8ac86b0f4d50d5af2a7ebd876f62.ico-right-side > i {\n  margin-right: 0px;\n  margin-left: 8px;\n}\n#default-btn-c32d8ac86b0f4d50d5af2a7ebd876f62 > i {\n  margin-right: 8px;\n}\n<\/style><div class=\"btn-align-center\"><a href=\"https:\/\/linhambiente.pt\/en\/contact-us\/\" class=\"default-btn-shortcode dt-btn dt-btn-l link-hover-off  vc_custom_1639743229493\" id=\"default-btn-c32d8ac86b0f4d50d5af2a7ebd876f62\" title=\"Contacts\"><i class=\"far fa-comments\"><\/i><span>Contact us<\/span><\/a><\/div>\n\t<div class=\"wpb_text_column wpb_content_element\" >\n\t\t<div class=\"wpb_wrapper\">\n\t\t\t<p style=\"text-align: center;\"><span style=\"color: #000000;\">Or send us an email to <strong><a style=\"color: #000000; text-decoration: none;\" href=\"mailto:comercial@linhambiente.pt\">comercial@linhambiente.pt<\/a><\/strong><\/span><\/p>\n\n\t\t<\/div>\n\t<\/div>\n<\/div><\/div><\/div><\/div><div class=\"vc_row-full-width vc_clearfix\"><\/div>","protected":false},"excerpt":{"rendered":"<p>Vendemos diferentes tipos de metais ferrosos e n\u00e3o ferrosos. Em fardo e a granel. Tudo de acordo com a legisla\u00e7\u00e3o em vigor. Contacte-nos para saber mais. O Ambiente agradece. Para mais Informa\u00e7\u00f5es ou Pedidos de Or\u00e7amento Ou envie-nos um email para comercial@linhambiente.pt<\/p>","protected":false},"author":1,"featured_media":0,"parent":765,"menu_order":25,"comment_status":"closed","ping_status":"closed","template":"","meta":{"footnotes":""},"class_list":["post-973","page","type-page","status-publish","hentry","description-off"],"_links":{"self":[{"href":"https:\/\/linhambiente.pt\/en\/wp-json\/wp\/v2\/pages\/973","targetHints":{"allow":["GET"]}}],"collection":[{"href":"https:\/\/linhambiente.pt\/en\/wp-json\/wp\/v2\/pages"}],"about":[{"href":"https:\/\/linhambiente.pt\/en\/wp-json\/wp\/v2\/types\/page"}],"author":[{"embeddable":true,"href":"https:\/\/linhambiente.pt\/en\/wp-json\/wp\/v2\/users\/1"}],"replies":[{"embeddable":true,"href":"https:\/\/linhambiente.pt\/en\/wp-json\/wp\/v2\/comments?post=973"}],"version-history":[{"count":12,"href":"https:\/\/linhambiente.pt\/en\/wp-json\/wp\/v2\/pages\/973\/revisions"}],"predecessor-version":[{"id":2373,"href":"https:\/\/linhambiente.pt\/en\/wp-json\/wp\/v2\/pages\/973\/revisions\/2373"}],"up":[{"embeddable":true,"href":"https:\/\/linhambiente.pt\/en\/wp-json\/wp\/v2\/pages\/765"}],"wp:attachment":[{"href":"https:\/\/linhambiente.pt\/en\/wp-json\/wp\/v2\/media?parent=973"}],"curies":[{"name":"wp","href":"https:\/\/api.w.org\/{rel}","templated":true}]}}