{"id":959,"date":"2021-11-04T12:07:34","date_gmt":"2021-11-04T12:07:34","guid":{"rendered":"https:\/\/linhaambiente-beta.ynexus.com\/?page_id=959"},"modified":"2024-03-05T11:29:22","modified_gmt":"2024-03-05T11:29:22","slug":"venda-exportacao-plasticos","status":"publish","type":"page","link":"https:\/\/linhambiente.pt\/en\/materials\/sale-plastics\/","title":{"rendered":"Sale of Plastics"},"content":{"rendered":"<div class=\"vc_row wpb_row vc_row-fluid\"><div class=\"wpb_column vc_column_container vc_col-sm-12\"><div class=\"vc_column-inner\"><div class=\"wpb_wrapper\">\n\t<div class=\"wpb_text_column wpb_content_element  vc_custom_1640605436966\" >\n\t\t<div class=\"wpb_wrapper\">\n\t\t\t<p style=\"text-align: justify;\"><span style=\"color: #000000;\">We have different types of plastics either in bales, crushed or in bulk, for sale on a regular basis.<\/span><\/p>\n\n\t\t<\/div>\n\t<\/div>\n<div id=\"ultimate-heading-69126a009c180e7a1\" class=\"uvc-heading ult-adjust-bottom-margin ultimate-heading-69126a009c180e7a1 uvc-755  uvc-heading-default-font-sizes\" data-hspacer=\"no_spacer\"  data-halign=\"center\" style=\"text-align:center\"><div class=\"uvc-heading-spacer no_spacer\" style=\"top\"><\/div><div class=\"uvc-main-heading ult-responsive\"  data-ultimate-target='.uvc-heading.ultimate-heading-69126a009c180e7a1 h2'  data-responsive-json-new='{\"font-size\":\"\",\"line-height\":\"\"}' ><h2 style=\"--font-weight:theme;\">Rigid plastics in bale<\/h2><\/div><div class=\"uvc-sub-heading ult-responsive\"  data-ultimate-target='.uvc-heading.ultimate-heading-69126a009c180e7a1 .uvc-sub-heading '  data-responsive-json-new='{\"font-size\":\"\",\"line-height\":\"\"}'  style=\"font-weight:normal;\">PET, HDPE, LDPE, PP, PVC, PS<\/div><\/div>\n<div class=\"vc_grid-container-wrapper vc_clearfix vc_grid-animation-fadeIn\">\n\t<div class=\"vc_grid-container vc_clearfix wpb_content_element vc_media_grid vc_custom_1647272642031\" data-initial-loading-animation=\"fadeIn\" data-vc-grid-settings=\"{&quot;page_id&quot;:959,&quot;style&quot;:&quot;all&quot;,&quot;action&quot;:&quot;vc_get_vc_grid_data&quot;,&quot;shortcode_id&quot;:&quot;1709636980115-da40e74fb174aceef252b0b55cd95db9-6&quot;,&quot;tag&quot;:&quot;vc_media_grid&quot;}\" data-vc-request=\"https:\/\/linhambiente.pt\/wp-admin\/admin-ajax.php\" data-vc-post-id=\"959\" data-vc-public-nonce=\"a888c0f5db\">\n\t\t\n\t<\/div>\n<\/div><div id=\"ultimate-heading-63676a009c180f8e0\" class=\"uvc-heading ult-adjust-bottom-margin ultimate-heading-63676a009c180f8e0 uvc-4547  uvc-heading-default-font-sizes\" data-hspacer=\"no_spacer\"  data-halign=\"center\" style=\"text-align:center\"><div class=\"uvc-heading-spacer no_spacer\" style=\"top\"><\/div><div class=\"uvc-main-heading ult-responsive\"  data-ultimate-target='.uvc-heading.ultimate-heading-63676a009c180f8e0 h2'  data-responsive-json-new='{\"font-size\":\"\",\"line-height\":\"\"}' ><h2 style=\"--font-weight:theme;\">LDPE agricultural films in bale<\/h2><\/div><div class=\"uvc-sub-heading ult-responsive\"  data-ultimate-target='.uvc-heading.ultimate-heading-63676a009c180f8e0 .uvc-sub-heading '  data-responsive-json-new='{\"font-size\":\"\",\"line-height\":\"\"}'  style=\"font-weight:normal;\">Greenhouse, floor, silage, etc<\/div><\/div>\n<div class=\"vc_grid-container-wrapper vc_clearfix vc_grid-animation-fadeIn\">\n\t<div class=\"vc_grid-container vc_clearfix wpb_content_element vc_media_grid vc_custom_1640692839435\" data-initial-loading-animation=\"fadeIn\" data-vc-grid-settings=\"{&quot;page_id&quot;:959,&quot;style&quot;:&quot;all&quot;,&quot;action&quot;:&quot;vc_get_vc_grid_data&quot;,&quot;shortcode_id&quot;:&quot;1709636980184-bb77331d9e3adff7ec30b1e919c2e266-7&quot;,&quot;tag&quot;:&quot;vc_media_grid&quot;}\" data-vc-request=\"https:\/\/linhambiente.pt\/wp-admin\/admin-ajax.php\" data-vc-post-id=\"959\" data-vc-public-nonce=\"a888c0f5db\">\n\t\t\n\t<\/div>\n<\/div><div id=\"ultimate-heading-95306a009c180fda2\" class=\"uvc-heading ult-adjust-bottom-margin ultimate-heading-95306a009c180fda2 uvc-3017  uvc-heading-default-font-sizes\" data-hspacer=\"no_spacer\"  data-halign=\"center\" style=\"text-align:center\"><div class=\"uvc-heading-spacer no_spacer\" style=\"top\"><\/div><div class=\"uvc-main-heading ult-responsive\"  data-ultimate-target='.uvc-heading.ultimate-heading-95306a009c180fda2 h2'  data-responsive-json-new='{\"font-size\":\"\",\"line-height\":\"\"}' ><h2 style=\"--font-weight:theme;\">Irrigation tapes in bales<\/h2><\/div><\/div>\n<div class=\"vc_grid-container-wrapper vc_clearfix vc_grid-animation-fadeIn\">\n\t<div class=\"vc_grid-container vc_clearfix wpb_content_element vc_media_grid vc_custom_1640608524771\" data-initial-loading-animation=\"fadeIn\" data-vc-grid-settings=\"{&quot;page_id&quot;:959,&quot;style&quot;:&quot;all&quot;,&quot;action&quot;:&quot;vc_get_vc_grid_data&quot;,&quot;shortcode_id&quot;:&quot;1709636983550-878e65ec5215ee71978cb5f73d8f26f4-5&quot;,&quot;tag&quot;:&quot;vc_media_grid&quot;}\" data-vc-request=\"https:\/\/linhambiente.pt\/wp-admin\/admin-ajax.php\" data-vc-post-id=\"959\" data-vc-public-nonce=\"a888c0f5db\">\n\t\t\n\t<\/div>\n<\/div><div id=\"ultimate-heading-19836a009c1810251\" class=\"uvc-heading ult-adjust-bottom-margin ultimate-heading-19836a009c1810251 uvc-6057  uvc-heading-default-font-sizes\" data-hspacer=\"no_spacer\"  data-halign=\"center\" style=\"text-align:center\"><div class=\"uvc-heading-spacer no_spacer\" style=\"top\"><\/div><div class=\"uvc-main-heading ult-responsive\"  data-ultimate-target='.uvc-heading.ultimate-heading-19836a009c1810251 h2'  data-responsive-json-new='{\"font-size\":\"\",\"line-height\":\"\"}' ><h2 style=\"--font-weight:theme;\">LDPE films in bale<\/h2><\/div><div class=\"uvc-sub-heading ult-responsive\"  data-ultimate-target='.uvc-heading.ultimate-heading-19836a009c1810251 .uvc-sub-heading '  data-responsive-json-new='{\"font-size\":\"\",\"line-height\":\"\"}'  style=\"font-weight:normal;\">From 98\/2 to color<\/div><\/div>\n<div class=\"vc_grid-container-wrapper vc_clearfix vc_grid-animation-fadeIn\">\n\t<div class=\"vc_grid-container vc_clearfix wpb_content_element vc_media_grid vc_custom_1646231873527\" data-initial-loading-animation=\"fadeIn\" data-vc-grid-settings=\"{&quot;page_id&quot;:959,&quot;style&quot;:&quot;all&quot;,&quot;action&quot;:&quot;vc_get_vc_grid_data&quot;,&quot;shortcode_id&quot;:&quot;1709636983597-7d1dfbdef7e50db7012ccf9221262a0b-1&quot;,&quot;tag&quot;:&quot;vc_media_grid&quot;}\" data-vc-request=\"https:\/\/linhambiente.pt\/wp-admin\/admin-ajax.php\" data-vc-post-id=\"959\" data-vc-public-nonce=\"a888c0f5db\">\n\t\t\n\t<\/div>\n<\/div><div id=\"ultimate-heading-2486a009c18106f8\" class=\"uvc-heading ult-adjust-bottom-margin ultimate-heading-2486a009c18106f8 uvc-7967  uvc-heading-default-font-sizes\" data-hspacer=\"no_spacer\"  data-halign=\"center\" style=\"text-align:center\"><div class=\"uvc-heading-spacer no_spacer\" style=\"top\"><\/div><div class=\"uvc-main-heading ult-responsive\"  data-ultimate-target='.uvc-heading.ultimate-heading-2486a009c18106f8 h2'  data-responsive-json-new='{\"font-size\":\"\",\"line-height\":\"\"}' ><h2 style=\"--font-weight:theme;\">PP big bags in bale<\/h2><\/div><\/div>\n<div class=\"vc_grid-container-wrapper vc_clearfix vc_grid-animation-fadeIn\">\n\t<div class=\"vc_grid-container vc_clearfix wpb_content_element vc_media_grid vc_custom_1640692302054\" data-initial-loading-animation=\"fadeIn\" data-vc-grid-settings=\"{&quot;page_id&quot;:959,&quot;style&quot;:&quot;all&quot;,&quot;action&quot;:&quot;vc_get_vc_grid_data&quot;,&quot;shortcode_id&quot;:&quot;1709636987577-c641a29861e3723901f0c6988b36e2da-4&quot;,&quot;tag&quot;:&quot;vc_media_grid&quot;}\" data-vc-request=\"https:\/\/linhambiente.pt\/wp-admin\/admin-ajax.php\" data-vc-post-id=\"959\" data-vc-public-nonce=\"a888c0f5db\">\n\t\t\n\t<\/div>\n<\/div><div id=\"ultimate-heading-48816a009c1810baf\" class=\"uvc-heading ult-adjust-bottom-margin ultimate-heading-48816a009c1810baf uvc-6508  uvc-heading-default-font-sizes\" data-hspacer=\"no_spacer\"  data-halign=\"center\" style=\"text-align:center\"><div class=\"uvc-heading-spacer no_spacer\" style=\"top\"><\/div><div class=\"uvc-main-heading ult-responsive\"  data-ultimate-target='.uvc-heading.ultimate-heading-48816a009c1810baf h2'  data-responsive-json-new='{\"font-size\":\"\",\"line-height\":\"\"}' ><h2 style=\"--font-weight:theme;\">Grinded Mix PE\/PP in big bags<\/h2><\/div><\/div>\n<div class=\"vc_grid-container-wrapper vc_clearfix vc_grid-animation-fadeIn\">\n\t<div class=\"vc_grid-container vc_clearfix wpb_content_element vc_media_grid vc_custom_1646232002724\" data-initial-loading-animation=\"fadeIn\" data-vc-grid-settings=\"{&quot;page_id&quot;:959,&quot;style&quot;:&quot;all&quot;,&quot;action&quot;:&quot;vc_get_vc_grid_data&quot;,&quot;shortcode_id&quot;:&quot;1709636987627-0f77f904c3c43bd6300171318f60193c-5&quot;,&quot;tag&quot;:&quot;vc_media_grid&quot;}\" data-vc-request=\"https:\/\/linhambiente.pt\/wp-admin\/admin-ajax.php\" data-vc-post-id=\"959\" data-vc-public-nonce=\"a888c0f5db\">\n\t\t\n\t<\/div>\n<\/div><div id=\"ultimate-heading-3386a009c1811051\" class=\"uvc-heading ult-adjust-bottom-margin ultimate-heading-3386a009c1811051 uvc-4306  uvc-heading-default-font-sizes\" data-hspacer=\"no_spacer\"  data-halign=\"center\" style=\"text-align:center\"><div class=\"uvc-heading-spacer no_spacer\" style=\"top\"><\/div><div class=\"uvc-main-heading ult-responsive\"  data-ultimate-target='.uvc-heading.ultimate-heading-3386a009c1811051 h2'  data-responsive-json-new='{\"font-size\":\"\",\"line-height\":\"\"}' ><h2 style=\"--font-weight:theme;\">Grinded PVC in big bags<\/h2><\/div><\/div>\n<div class=\"vc_grid-container-wrapper vc_clearfix vc_grid-animation-fadeIn\">\n\t<div class=\"vc_grid-container vc_clearfix wpb_content_element vc_media_grid vc_custom_1646231856602\" data-initial-loading-animation=\"fadeIn\" data-vc-grid-settings=\"{&quot;page_id&quot;:959,&quot;style&quot;:&quot;all&quot;,&quot;action&quot;:&quot;vc_get_vc_grid_data&quot;,&quot;shortcode_id&quot;:&quot;1709636987667-632453431a854a0b0add8cfa6d31783e-1&quot;,&quot;tag&quot;:&quot;vc_media_grid&quot;}\" data-vc-request=\"https:\/\/linhambiente.pt\/wp-admin\/admin-ajax.php\" data-vc-post-id=\"959\" data-vc-public-nonce=\"a888c0f5db\">\n\t\t\n\t<\/div>\n<\/div><div id=\"ultimate-heading-19616a009c18114fe\" class=\"uvc-heading ult-adjust-bottom-margin ultimate-heading-19616a009c18114fe uvc-6053  uvc-heading-default-font-sizes\" data-hspacer=\"no_spacer\"  data-halign=\"center\" style=\"text-align:center\"><div class=\"uvc-heading-spacer no_spacer\" style=\"top\"><\/div><div class=\"uvc-main-heading ult-responsive\"  data-ultimate-target='.uvc-heading.ultimate-heading-19616a009c18114fe h2'  data-responsive-json-new='{\"font-size\":\"\",\"line-height\":\"\"}' ><h2 style=\"--font-weight:theme;\">Grinded PE in big bags<\/h2><\/div><\/div>\n<div class=\"vc_grid-container-wrapper vc_clearfix vc_grid-animation-fadeIn\">\n\t<div class=\"vc_grid-container vc_clearfix wpb_content_element vc_media_grid vc_custom_1646409470006\" data-initial-loading-animation=\"fadeIn\" data-vc-grid-settings=\"{&quot;page_id&quot;:959,&quot;style&quot;:&quot;all&quot;,&quot;action&quot;:&quot;vc_get_vc_grid_data&quot;,&quot;shortcode_id&quot;:&quot;1709636987721-99c4b36f50c844b4a6d4ea0e482b5948-4&quot;,&quot;tag&quot;:&quot;vc_media_grid&quot;}\" data-vc-request=\"https:\/\/linhambiente.pt\/wp-admin\/admin-ajax.php\" data-vc-post-id=\"959\" data-vc-public-nonce=\"a888c0f5db\">\n\t\t\n\t<\/div>\n<\/div><div id=\"ultimate-heading-92686a009c18119b2\" class=\"uvc-heading ult-adjust-bottom-margin ultimate-heading-92686a009c18119b2 uvc-2556  uvc-heading-default-font-sizes\" data-hspacer=\"no_spacer\"  data-halign=\"center\" style=\"text-align:center\"><div class=\"uvc-heading-spacer no_spacer\" style=\"top\"><\/div><div class=\"uvc-main-heading ult-responsive\"  data-ultimate-target='.uvc-heading.ultimate-heading-92686a009c18119b2 h2'  data-responsive-json-new='{\"font-size\":\"\",\"line-height\":\"\"}' ><h2 style=\"--font-weight:theme;\">Grinded PP in big bags<\/h2><\/div><\/div>\n<div class=\"vc_grid-container-wrapper vc_clearfix vc_grid-animation-fadeIn\">\n\t<div class=\"vc_grid-container vc_clearfix wpb_content_element vc_media_grid vc_custom_1646409477294\" data-initial-loading-animation=\"fadeIn\" data-vc-grid-settings=\"{&quot;page_id&quot;:959,&quot;style&quot;:&quot;all&quot;,&quot;action&quot;:&quot;vc_get_vc_grid_data&quot;,&quot;shortcode_id&quot;:&quot;1709636987781-654336b398d3ba565206d3c6adb68628-1&quot;,&quot;tag&quot;:&quot;vc_media_grid&quot;}\" data-vc-request=\"https:\/\/linhambiente.pt\/wp-admin\/admin-ajax.php\" data-vc-post-id=\"959\" data-vc-public-nonce=\"a888c0f5db\">\n\t\t\n\t<\/div>\n<\/div>\n\t<div class=\"wpb_text_column wpb_content_element  vc_custom_1640605373342\" >\n\t\t<div class=\"wpb_wrapper\">\n\t\t\t<p data-renderer-start-pos=\"10813\"><span style=\"color: #000000;\">We also have recycled pellets\/granules:<\/span><\/p>\n\n\t\t<\/div>\n\t<\/div>\n<div id=\"ultimate-heading-21036a009c18120b2\" class=\"uvc-heading ult-adjust-bottom-margin ultimate-heading-21036a009c18120b2 uvc-1266  uvc-heading-default-font-sizes\" data-hspacer=\"no_spacer\"  data-halign=\"center\" style=\"text-align:center\"><div class=\"uvc-heading-spacer no_spacer\" style=\"top\"><\/div><div class=\"uvc-main-heading ult-responsive\"  data-ultimate-target='.uvc-heading.ultimate-heading-21036a009c18120b2 h2'  data-responsive-json-new='{\"font-size\":\"\",\"line-height\":\"\"}' ><h2 style=\"--font-weight:theme;\">HDPE recycled pellets\/granules<\/h2><\/div><\/div>\n<div class=\"vc_grid-container-wrapper vc_clearfix vc_grid-animation-fadeIn\">\n\t<div class=\"vc_grid-container vc_clearfix wpb_content_element vc_media_grid vc_custom_1646232348843\" data-initial-loading-animation=\"fadeIn\" data-vc-grid-settings=\"{&quot;page_id&quot;:959,&quot;style&quot;:&quot;all&quot;,&quot;action&quot;:&quot;vc_get_vc_grid_data&quot;,&quot;shortcode_id&quot;:&quot;1709636987862-a36794396576e9fdd083ad354de84bb8-8&quot;,&quot;tag&quot;:&quot;vc_media_grid&quot;}\" data-vc-request=\"https:\/\/linhambiente.pt\/wp-admin\/admin-ajax.php\" data-vc-post-id=\"959\" data-vc-public-nonce=\"a888c0f5db\">\n\t\t\n\t<\/div>\n<\/div><div id=\"ultimate-heading-56306a009c181256a\" class=\"uvc-heading ult-adjust-bottom-margin ultimate-heading-56306a009c181256a uvc-6608  uvc-heading-default-font-sizes\" data-hspacer=\"no_spacer\"  data-halign=\"center\" style=\"text-align:center\"><div class=\"uvc-heading-spacer no_spacer\" style=\"top\"><\/div><div class=\"uvc-main-heading ult-responsive\"  data-ultimate-target='.uvc-heading.ultimate-heading-56306a009c181256a h2'  data-responsive-json-new='{\"font-size\":\"\",\"line-height\":\"\"}' ><h2 style=\"--font-weight:theme;\">LDPE recycled pellets\/granules<\/h2><\/div><\/div>\n<div class=\"vc_grid-container-wrapper vc_clearfix vc_grid-animation-fadeIn\">\n\t<div class=\"vc_grid-container vc_clearfix wpb_content_element vc_media_grid vc_custom_1646232432170\" data-initial-loading-animation=\"fadeIn\" data-vc-grid-settings=\"{&quot;page_id&quot;:959,&quot;style&quot;:&quot;all&quot;,&quot;action&quot;:&quot;vc_get_vc_grid_data&quot;,&quot;shortcode_id&quot;:&quot;1709636987925-5847711f6da35758eaab79ee83086848-6&quot;,&quot;tag&quot;:&quot;vc_media_grid&quot;}\" data-vc-request=\"https:\/\/linhambiente.pt\/wp-admin\/admin-ajax.php\" data-vc-post-id=\"959\" data-vc-public-nonce=\"a888c0f5db\">\n\t\t\n\t<\/div>\n<\/div>\n\t<div class=\"wpb_text_column wpb_content_element  vc_custom_1639743349126\" >\n\t\t<div class=\"wpb_wrapper\">\n\t\t\t<p><span style=\"color: #000000;\"><strong>Contact us to find out more.<\/strong><\/span><br \/>\n<span style=\"color: #000000;\">The environment thanks you.<\/span><\/p>\n\n\t\t<\/div>\n\t<\/div>\n<\/div><\/div><\/div><\/div><div data-vc-full-width=\"true\" data-vc-full-width-init=\"false\" class=\"vc_row wpb_row vc_row-fluid vc_custom_1632408959763 vc_row-has-fill\"><div class=\"wpb_column vc_column_container vc_col-sm-12\"><div class=\"vc_column-inner\"><div class=\"wpb_wrapper\"><div id=\"ultimate-heading-73486a009c1813c95\" class=\"uvc-heading ult-adjust-bottom-margin ultimate-heading-73486a009c1813c95 uvc-7083  uvc-heading-default-font-sizes\" data-hspacer=\"no_spacer\"  data-halign=\"center\" style=\"text-align:center\"><div class=\"uvc-heading-spacer no_spacer\" style=\"top\"><\/div><div class=\"uvc-main-heading ult-responsive\"  data-ultimate-target='.uvc-heading.ultimate-heading-73486a009c1813c95 h3'  data-responsive-json-new='{\"font-size\":\"\",\"line-height\":\"\"}' ><h3 style=\"font-weight:bold;color:#000000;margin-bottom:20px;\">For more information or quote requests<\/h3><\/div><\/div><style type=\"text\/css\" data-type=\"the7_shortcodes-inline-css\">#default-btn-d6af53e628c19ebed0f8d523f738eeb0.ico-right-side > i {\n  margin-right: 0px;\n  margin-left: 8px;\n}\n#default-btn-d6af53e628c19ebed0f8d523f738eeb0 > i {\n  margin-right: 8px;\n}\n<\/style><div class=\"btn-align-center\"><a href=\"https:\/\/linhambiente.pt\/en\/contact-us\/\" class=\"default-btn-shortcode dt-btn dt-btn-l link-hover-off  vc_custom_1639743357100\" id=\"default-btn-d6af53e628c19ebed0f8d523f738eeb0\" title=\"Contacts\"><i class=\"far fa-comments\"><\/i><span>Contact us<\/span><\/a><\/div>\n\t<div class=\"wpb_text_column wpb_content_element\" >\n\t\t<div class=\"wpb_wrapper\">\n\t\t\t<p style=\"text-align: center;\"><span style=\"color: #000000;\">Or send us an email to <strong><a style=\"color: #000000; text-decoration: none;\" href=\"mailto:comercial@linhambiente.pt\">comercial@linhambiente.pt<\/a><\/strong><\/span><\/p>\n\n\t\t<\/div>\n\t<\/div>\n<\/div><\/div><\/div><\/div><div class=\"vc_row-full-width vc_clearfix\"><\/div>","protected":false},"excerpt":{"rendered":"<p>Temos para venda de forma regular, diferentes tipos de pl\u00e1sticos quer em fardo, triturados ou a granel. Pl\u00e1sticos r\u00edgidos em fardoPET, HDPE, LDPE, PP, PVC, PSFilmes agr\u00edcolas LDPE em fardoEstufa, ch\u00e3o, silagem, etcFita de rega em fardoFilmes LDPE em fardoDesde 98\/2 at\u00e9 corPP big bags em fardoMix PE\/PP triturado em big bagsPVC triturado em big&hellip;<\/p>","protected":false},"author":1,"featured_media":0,"parent":765,"menu_order":25,"comment_status":"closed","ping_status":"closed","template":"","meta":{"footnotes":""},"class_list":["post-959","page","type-page","status-publish","hentry","description-off"],"_links":{"self":[{"href":"https:\/\/linhambiente.pt\/en\/wp-json\/wp\/v2\/pages\/959","targetHints":{"allow":["GET"]}}],"collection":[{"href":"https:\/\/linhambiente.pt\/en\/wp-json\/wp\/v2\/pages"}],"about":[{"href":"https:\/\/linhambiente.pt\/en\/wp-json\/wp\/v2\/types\/page"}],"author":[{"embeddable":true,"href":"https:\/\/linhambiente.pt\/en\/wp-json\/wp\/v2\/users\/1"}],"replies":[{"embeddable":true,"href":"https:\/\/linhambiente.pt\/en\/wp-json\/wp\/v2\/comments?post=959"}],"version-history":[{"count":51,"href":"https:\/\/linhambiente.pt\/en\/wp-json\/wp\/v2\/pages\/959\/revisions"}],"predecessor-version":[{"id":2374,"href":"https:\/\/linhambiente.pt\/en\/wp-json\/wp\/v2\/pages\/959\/revisions\/2374"}],"up":[{"embeddable":true,"href":"https:\/\/linhambiente.pt\/en\/wp-json\/wp\/v2\/pages\/765"}],"wp:attachment":[{"href":"https:\/\/linhambiente.pt\/en\/wp-json\/wp\/v2\/media?parent=959"}],"curies":[{"name":"wp","href":"https:\/\/api.w.org\/{rel}","templated":true}]}}