{"id":932,"date":"2021-11-03T17:19:52","date_gmt":"2021-11-03T17:19:52","guid":{"rendered":"https:\/\/linhaambiente-beta.ynexus.com\/?page_id=932"},"modified":"2022-03-02T16:15:03","modified_gmt":"2022-03-02T16:15:03","slug":"agendar-recolha","status":"publish","type":"page","link":"https:\/\/linhambiente.pt\/en\/contact-us\/schedule-collection\/","title":{"rendered":"Schedule A Collection"},"content":{"rendered":"<div class=\"vc_row wpb_row vc_row-fluid vc_custom_1646237682634\"><div class=\"wpb_column vc_column_container vc_col-sm-12\"><div class=\"vc_column-inner vc_custom_1550662962464\"><div class=\"wpb_wrapper\"><div class=\"caldera-grid\" id=\"caldera_form_1\" data-cf-ver=\"1.9.6\" data-cf-form-id=\"CF61840a8dad5b1\"><div id=\"caldera_notices_1\" data-spinner=\"https:\/\/linhambiente.pt\/wp-admin\/images\/spinner.gif\"><\/div><form data-instance=\"1\" class=\"CF61840a8dad5b1 caldera_forms_form cfajax-trigger\" method=\"POST\" enctype=\"multipart\/form-data\" id=\"CF61840a8dad5b1_1\" data-form-id=\"CF61840a8dad5b1\" aria-label=\"Collection\" data-target=\"#caldera_notices_1\" data-template=\"#cfajax_CF61840a8dad5b1-tmpl\" data-cfajax=\"CF61840a8dad5b1\" data-load-element=\"_parent\" data-load-class=\"cf_processing\" data-post-disable=\"0\" data-action=\"cf_process_ajax_submit\" data-request=\"https:\/\/linhambiente.pt\/en\/cf-api\/CF61840a8dad5b1\" data-hiderows=\"true\" action=\"\">\r\n<input type=\"hidden\" id=\"_cf_verify_CF61840a8dad5b1\" name=\"_cf_verify\" value=\"7eb3b3a1a3\"  data-nonce-time=\"1776684007\" \/><input type=\"hidden\" name=\"_wp_http_referer\" value=\"\/en\/wp-json\/wp\/v2\/pages\/932\" \/><div id=\"cf2-CF61840a8dad5b1_1\"><\/div><input type=\"hidden\" name=\"_cf_frm_id\" value=\"CF61840a8dad5b1\">\r\n<input type=\"hidden\" name=\"_cf_frm_ct\" value=\"1\">\r\n<input type=\"hidden\" name=\"cfajax\" value=\"CF61840a8dad5b1\">\r\n<input type=\"hidden\" name=\"_cf_cr_pst\" value=\"932\">\r\n<div class=\"hide\" style=\"display:none; overflow:hidden;height:0;width:0;\">\r\n<label>Email<\/label><input type=\"text\" name=\"email\" value=\"\" autocomplete=\"off\">\r\n<\/div><div id=\"CF61840a8dad5b1_1-row-1\"  class=\"row  single\"><div  class=\"col-sm-12  single\"><div data-field-wrapper=\"fld_8768091\" class=\"form-group\" id=\"fld_8768091_1-wrap\">\r\n\t<label id=\"fld_8768091Label\" for=\"fld_8768091_1\" class=\"control-label screen-reader-text sr-only\">Name<\/label>\r\n\t<div class=\"\">\r\n\t\t<input placeholder=\"Name\"  required type=\"text\" data-field=\"fld_8768091\" class=\"form-control\" id=\"fld_8768091_1\" name=\"fld_8768091\" value=\"\" data-type=\"text\" aria-required=\"true\"   aria-labelledby=\"fld_8768091Label\" >\t\t\t<\/div>\r\n<\/div>\r\n<div data-field-wrapper=\"fld_6009157\" class=\"form-group\" id=\"fld_6009157_1-wrap\">\r\n\t<label id=\"fld_6009157Label\" for=\"fld_6009157_1\" class=\"control-label screen-reader-text sr-only\">Email<\/label>\r\n\t<div class=\"\">\r\n\t\t<input placeholder=\"Email\"  required type=\"email\" data-field=\"fld_6009157\" class=\"form-control\" id=\"fld_6009157_1\" name=\"fld_6009157\" value=\"\" data-type=\"email\" aria-required=\"true\"   aria-labelledby=\"fld_6009157Label\" >\t\t\t<\/div>\r\n<\/div>\r\n<div data-field-wrapper=\"fld_9970286\" class=\"form-group\" id=\"fld_9970286_1-wrap\">\r\n\t<label id=\"fld_9970286Label\" for=\"fld_9970286_1\" class=\"control-label screen-reader-text sr-only\">Telephone<\/label>\r\n\t<div class=\"\">\r\n\t\t<input placeholder=\"Telephone\" data-inputmask=\"'mask': '999 999 999'\"   type=\"phone\" data-field=\"fld_9970286\" class=\"form-control\" id=\"fld_9970286_1\" name=\"fld_9970286\" value=\"\" data-type=\"phone\"   aria-labelledby=\"fld_9970286Label\" >\t\t\t<\/div>\r\n<\/div>\r\n<div class=\"\"><h4>Materials to Collect<\/h4>\n<\/div><div data-field-wrapper=\"fld_6463630\" class=\"form-group\" id=\"fld_6463630_1-wrap\">\r\n\t<label id=\"fld_6463630Label\" for=\"fld_6463630_1\" class=\"control-label screen-reader-text sr-only\">Tipo de recolha<\/label>\r\n\t<div class=\"\">\r\n\t\t\t\t\t\t\t\t\t\t\t<div class=\"checkbox\">\n\t\t\t\t\n                <label                         for=\"fld_6463630_1_opt1904994\"\n                >\n                            <input\n                                data-parsley-required=\"true\" data-parsley-group=\"fld_6463630_1\" data-parsley-multiple=\"fld_6463630_1\"                                type=\"checkbox\"\n                                data-label=\"Res\u00edduos Agr\u00edcolas\"\n                                data-field=\"fld_6463630\"\n                                id=\"fld_6463630_1_opt1904994\"\n                                class=\"fld_6463630_1 option-required\"\n                                name=\"fld_6463630[opt1904994]\"\n                                value=\"Res\u00edduos Agr\u00edcolas\"\n                                                                data-type=\"checkbox\"\n                                data-checkbox-field=\"fld_6463630_1\"\n                                                                data-calc-value=\"Res\u00edduos Agr\u00edcolas\"\n                            >\n                    Agricultural Waste                <\/label>\n\n                \t\t\t\t\t<\/div>\n\t\t\t\t\t\t\t\t\t\t\t\t\t\t\t\t\t<div class=\"checkbox\">\n\t\t\t\t\n                <label                         for=\"fld_6463630_1_opt1553998\"\n                >\n                            <input\n                                data-parsley-required=\"true\" data-parsley-group=\"fld_6463630_1\" data-parsley-multiple=\"fld_6463630_1\"                                type=\"checkbox\"\n                                data-label=\"Res\u00edduos de Equipamentos El\u00e9ctricos e Electr\u00f3nicos (REEE&#039;s)\"\n                                data-field=\"fld_6463630\"\n                                id=\"fld_6463630_1_opt1553998\"\n                                class=\"fld_6463630_1 option-required\"\n                                name=\"fld_6463630[opt1553998]\"\n                                value=\"Res\u00edduos de Equipamentos El\u00e9ctricos e Electr\u00f3nicos (REEE&#039;s)\"\n                                                                data-type=\"checkbox\"\n                                data-checkbox-field=\"fld_6463630_1\"\n                                                                data-calc-value=\"Res\u00edduos de Equipamentos El\u00e9ctricos e Electr\u00f3nicos (REEE&#039;s)\"\n                            >\n                    Waste from Electrical and Electronic Equipment (WEEE)                <\/label>\n\n                \t\t\t\t\t<\/div>\n\t\t\t\t\t\t\t\t\t\t\t\t\t\t\t\t\t<div class=\"checkbox\">\n\t\t\t\t\n                <label                         for=\"fld_6463630_1_opt1231024\"\n                >\n                            <input\n                                data-parsley-required=\"true\" data-parsley-group=\"fld_6463630_1\" data-parsley-multiple=\"fld_6463630_1\"                                type=\"checkbox\"\n                                data-label=\"Res\u00edduos Perigosos\"\n                                data-field=\"fld_6463630\"\n                                id=\"fld_6463630_1_opt1231024\"\n                                class=\"fld_6463630_1 option-required\"\n                                name=\"fld_6463630[opt1231024]\"\n                                value=\"Res\u00edduos Perigosos\"\n                                                                data-type=\"checkbox\"\n                                data-checkbox-field=\"fld_6463630_1\"\n                                                                data-calc-value=\"Res\u00edduos Perigosos\"\n                            >\n                    Hazardous Waste                <\/label>\n\n                \t\t\t\t\t<\/div>\n\t\t\t\t\t\t\t\t\t\t\t\t\t\t\t\t\t<div class=\"checkbox\">\n\t\t\t\t\n                <label                         for=\"fld_6463630_1_opt1797863\"\n                >\n                            <input\n                                data-parsley-required=\"true\" data-parsley-group=\"fld_6463630_1\" data-parsley-multiple=\"fld_6463630_1\"                                type=\"checkbox\"\n                                data-label=\"Res\u00edduos Industriais Banais (RIBS)\"\n                                data-field=\"fld_6463630\"\n                                id=\"fld_6463630_1_opt1797863\"\n                                class=\"fld_6463630_1 option-required\"\n                                name=\"fld_6463630[opt1797863]\"\n                                value=\"Res\u00edduos Industriais Banais (RIBS)\"\n                                                                data-type=\"checkbox\"\n                                data-checkbox-field=\"fld_6463630_1\"\n                                                                data-calc-value=\"Res\u00edduos Industriais Banais (RIBS)\"\n                            >\n                    Banal Industrial Waste                <\/label>\n\n                \t\t\t\t\t<\/div>\n\t\t\t\t\t\t\t\t\t\t\t\t\t\t\t\t\t<div class=\"checkbox\">\n\t\t\t\t\n                <label                         for=\"fld_6463630_1_opt1117076\"\n                >\n                            <input\n                                data-parsley-required=\"true\" data-parsley-group=\"fld_6463630_1\" data-parsley-multiple=\"fld_6463630_1\"                                type=\"checkbox\"\n                                data-label=\"Res\u00edduos de Constru\u00e7\u00e3o e Demoli\u00e7\u00e3o (RCD&#039;s)\"\n                                data-field=\"fld_6463630\"\n                                id=\"fld_6463630_1_opt1117076\"\n                                class=\"fld_6463630_1 option-required\"\n                                name=\"fld_6463630[opt1117076]\"\n                                value=\"Res\u00edduos de Constru\u00e7\u00e3o e Demoli\u00e7\u00e3o (RCD&#039;s)\"\n                                                                data-type=\"checkbox\"\n                                data-checkbox-field=\"fld_6463630_1\"\n                                                                data-calc-value=\"Res\u00edduos de Constru\u00e7\u00e3o e Demoli\u00e7\u00e3o (RCD&#039;s)\"\n                            >\n                    Construction and Demolition Waste (CDW)                <\/label>\n\n                \t\t\t\t\t<\/div>\n\t\t\t\t\t\t\t\t\t\t\t\t\t\t\t\t\t<div class=\"checkbox\">\n\t\t\t\t\n                <label                         for=\"fld_6463630_1_opt1918605\"\n                >\n                            <input\n                                data-parsley-required=\"true\" data-parsley-group=\"fld_6463630_1\" data-parsley-multiple=\"fld_6463630_1\"                                type=\"checkbox\"\n                                data-label=\"Servi\u00e7os de Limpeza Industrial\"\n                                data-field=\"fld_6463630\"\n                                id=\"fld_6463630_1_opt1918605\"\n                                class=\"fld_6463630_1 option-required\"\n                                name=\"fld_6463630[opt1918605]\"\n                                value=\"Servi\u00e7os de Limpeza Industrial\"\n                                                                data-type=\"checkbox\"\n                                data-checkbox-field=\"fld_6463630_1\"\n                                                                data-calc-value=\"Servi\u00e7os de Limpeza Industrial\"\n                            >\n                    Industrial Cleaning Services                <\/label>\n\n                \t\t\t\t\t<\/div>\n\t\t\t\t\t\t\t\t\t\t\t\t\t\t\t\t\t<div class=\"checkbox\">\n\t\t\t\t\n                <label                         for=\"fld_6463630_1_opt1285651\"\n                >\n                            <input\n                                data-parsley-required=\"true\" data-parsley-group=\"fld_6463630_1\" data-parsley-multiple=\"fld_6463630_1\"                                type=\"checkbox\"\n                                data-label=\"Pl\u00e1sticos\"\n                                data-field=\"fld_6463630\"\n                                id=\"fld_6463630_1_opt1285651\"\n                                class=\"fld_6463630_1 option-required\"\n                                name=\"fld_6463630[opt1285651]\"\n                                value=\"Pl\u00e1sticos\"\n                                                                data-type=\"checkbox\"\n                                data-checkbox-field=\"fld_6463630_1\"\n                                                                data-calc-value=\"Pl\u00e1sticos\"\n                            >\n                    Plastics                <\/label>\n\n                \t\t\t\t\t<\/div>\n\t\t\t\t\t\t\t\t\t\t\t\t\t\t\t\t\t<div class=\"checkbox\">\n\t\t\t\t\n                <label                         for=\"fld_6463630_1_opt1999351\"\n                >\n                            <input\n                                data-parsley-required=\"true\" data-parsley-group=\"fld_6463630_1\" data-parsley-multiple=\"fld_6463630_1\"                                type=\"checkbox\"\n                                data-label=\"Cart\u00e3o\"\n                                data-field=\"fld_6463630\"\n                                id=\"fld_6463630_1_opt1999351\"\n                                class=\"fld_6463630_1 option-required\"\n                                name=\"fld_6463630[opt1999351]\"\n                                value=\"Cart\u00e3o\"\n                                                                data-type=\"checkbox\"\n                                data-checkbox-field=\"fld_6463630_1\"\n                                                                data-calc-value=\"Cart\u00e3o\"\n                            >\n                    Cardboard                <\/label>\n\n                \t\t\t\t\t<\/div>\n\t\t\t\t\t\t\t\t\t\t\t\t\t\t\t\t\t<div class=\"checkbox\">\n\t\t\t\t\n                <label                         for=\"fld_6463630_1_opt1118429\"\n                >\n                            <input\n                                data-parsley-required=\"true\" data-parsley-group=\"fld_6463630_1\" data-parsley-multiple=\"fld_6463630_1\"                                type=\"checkbox\"\n                                data-label=\"Arquivo\"\n                                data-field=\"fld_6463630\"\n                                id=\"fld_6463630_1_opt1118429\"\n                                class=\"fld_6463630_1 option-required\"\n                                name=\"fld_6463630[opt1118429]\"\n                                value=\"Arquivo\"\n                                                                data-type=\"checkbox\"\n                                data-checkbox-field=\"fld_6463630_1\"\n                                                                data-calc-value=\"Arquivo\"\n                            >\n                    Archives                <\/label>\n\n                \t\t\t\t\t<\/div>\n\t\t\t\t\t\t\t\t\t\t\t\t\t\t\t\t\t<div class=\"checkbox\">\n\t\t\t\t\n                <label                         for=\"fld_6463630_1_opt1093449\"\n                >\n                            <input\n                                data-parsley-required=\"true\" data-parsley-group=\"fld_6463630_1\" data-parsley-multiple=\"fld_6463630_1\"                                type=\"checkbox\"\n                                data-label=\"Metais Ferrosos\"\n                                data-field=\"fld_6463630\"\n                                id=\"fld_6463630_1_opt1093449\"\n                                class=\"fld_6463630_1 option-required\"\n                                name=\"fld_6463630[opt1093449]\"\n                                value=\"Metais Ferrosos\"\n                                                                data-type=\"checkbox\"\n                                data-checkbox-field=\"fld_6463630_1\"\n                                                                data-calc-value=\"Metais Ferrosos\"\n                            >\n                    Ferrous Metals                <\/label>\n\n                \t\t\t\t\t<\/div>\n\t\t\t\t\t\t\t\t\t\t\t\t\t\t\t\t\t<div class=\"checkbox\">\n\t\t\t\t\n                <label                         for=\"fld_6463630_1_opt1239211\"\n                >\n                            <input\n                                data-parsley-required=\"true\" data-parsley-group=\"fld_6463630_1\" data-parsley-multiple=\"fld_6463630_1\"                                type=\"checkbox\"\n                                data-label=\"Metais N\u00e3o Ferrosos\"\n                                data-field=\"fld_6463630\"\n                                id=\"fld_6463630_1_opt1239211\"\n                                class=\"fld_6463630_1 option-required\"\n                                name=\"fld_6463630[opt1239211]\"\n                                value=\"Metais N\u00e3o Ferrosos\"\n                                                                data-type=\"checkbox\"\n                                data-checkbox-field=\"fld_6463630_1\"\n                                                                data-calc-value=\"Metais N\u00e3o Ferrosos\"\n                            >\n                    Non-Ferrous Metals                <\/label>\n\n                \t\t\t\t\t<\/div>\n\t\t\t\t\t\t\t\t\t\t\t\t\t\t\t\t\t<div class=\"checkbox\">\n\t\t\t\t\n                <label                         for=\"fld_6463630_1_opt1874377\"\n                >\n                            <input\n                                data-parsley-required=\"true\" data-parsley-group=\"fld_6463630_1\" data-parsley-multiple=\"fld_6463630_1\"                                type=\"checkbox\"\n                                data-label=\"Outros\"\n                                data-field=\"fld_6463630\"\n                                id=\"fld_6463630_1_opt1874377\"\n                                class=\"fld_6463630_1 option-required\"\n                                name=\"fld_6463630[opt1874377]\"\n                                value=\"Outros\"\n                                                                data-type=\"checkbox\"\n                                data-checkbox-field=\"fld_6463630_1\"\n                                                                data-calc-value=\"Outros\"\n                            >\n                    Others                <\/label>\n\n                \t\t\t\t\t<\/div>\n\t\t\t\t\t\t\t\t\t\t\t<\/div>\r\n<\/div>\r\n\n<div data-field-wrapper=\"fld_6006238\" class=\"form-group\" id=\"fld_6006238_1-wrap\">\r\n\t<label id=\"fld_6006238Label\" for=\"fld_6006238_1\" class=\"control-label screen-reader-text sr-only\">Date<\/label>\r\n\t<div class=\"\">\r\n\t\t<input  type=\"text\" data-provide=\"cfdatepicker\" name=\"fld_6006238\" value=\"\" id=\"fld_6006238_1\" data-field=\"fld_6006238\" class=\"form-control cfdatepicker is-cfdatepicker\" data-date-format=\"dd-mm-yyyy\" required data-date-start-view=\"month\"  data-date-start-date=\"0d\" data-date-language=\"pt\" placeholder=\"Date\" data-date-autoclose=\"true\"   aria-labelledby=\"fld_6006238Label\" \/>\n\t\t\t<\/div>\r\n<\/div>\r\n<div data-field-wrapper=\"fld_1512178\" class=\"form-group\" id=\"fld_1512178_1-wrap\">\r\n\t<label id=\"fld_1512178Label\" for=\"fld_1512178_1\" class=\"control-label screen-reader-text sr-only\">Complete address<\/label>\r\n\t<div class=\"\">\r\n\t\t<textarea name=\"fld_1512178\" value=\"\" data-field=\"fld_1512178\" class=\"form-control\" id=\"fld_1512178_1\" rows=\"3\" placeholder=\"Complete address\"  required=\"required\"  aria-labelledby=\"fld_1512178Label\" ><\/textarea>\n\t\t\t<\/div>\r\n<\/div>\r\n<div data-field-wrapper=\"fld_7683514\" class=\"form-group\" id=\"fld_7683514_1-wrap\">\r\n\t<label id=\"fld_7683514Label\" for=\"fld_7683514_1\" class=\"control-label screen-reader-text sr-only\">Description<\/label>\r\n\t<div class=\"\">\r\n\t\t<textarea name=\"fld_7683514\" value=\"\" data-field=\"fld_7683514\" class=\"form-control\" id=\"fld_7683514_1\" rows=\"7\" placeholder=\"Description\"  required=\"required\"  aria-labelledby=\"fld_7683514Label\" ><\/textarea>\n\t\t\t<\/div>\r\n<\/div>\r\n<div data-field-wrapper=\"fld_9454320\" class=\"form-group privacy-text\" id=\"fld_9454320_1-wrap\">\r\n<div class=\"\">\r\n\n<div class=\"checkbox-inline caldera-forms-consent-field\">\n    <input data-parsley-required=\"true\" data-parsley-group=\"fld_9454320_1\" data-parsley-multiple=\"fld_9454320_1\"        type=\"checkbox\" data-label=\"privacy\"\n        data-field=\"fld_9454320\"\n        id=\"fld_9454320_1\"\n        class=\"fld_9454320_1 option-required\"\n        name=\"fld_9454320\"\n        value=\"1\"\n        data-type=\"checkbox\"\n        data-checkbox-field=\"fld_9454320_1\"\n    >\n    <label for=\"fld_9454320_1\"\n           class=\"caldera-forms-gdpr-field-label\"\n           style=\"display:inline; margin-left: 0.5rem;\"\n    >\n                <p\n            class=\"caldera-forms-consent-field-agreement\"\n        >\n            Tomei conhecimento que os dados pessoais partilhados se destinam exclusivamente \u00e0 resposta ao pedido efectuado e ser\u00e3o tratados pela LINHAMBIENTE, S.A., de forma confidencial e apenas para efeitos de cumprimento de obriga\u00e7\u00f5es legais, sendo os mesmos mantidos numa base de dados de contactos, e eliminados findo o prazo legalmente estabelecido.\n\nProte\u00e7\u00e3o de dados pessoais\nPode, a qualquer momento e de forma gratuita, exercer os seus direitos de acesso, rectifica\u00e7\u00e3o ou elimina\u00e7\u00e3o, oposi\u00e7\u00e3o, limita\u00e7\u00e3o e portabilidade dos seus dados, bastando, para tal, consultar a Politica de Privacidade ou enviar um e-mail para geral@linhambiente.pt ou uma carta registada, com o assunto \u201cprotec\u00e7\u00e3o de dados pessoais\u201d para o Parque Empresarial de Proen\u00e7a-a-Nova, Lote P10\/P11, 6150 Proen\u00e7a-a-Nova.\n\nPara informa\u00e7\u00e3o detalhada sobre os seus direitos e  a forma como a LinhAmbiente processa dados pessoais, consulte a         <\/p>\n        <a href=\"https:\/\/linhambiente.pt\/en\/declaracao-de-privacidade\/\"\n           target=\"_blank\"\n                title=\"Privacy Policy Page\"\n            class=\"caldera-forms-consent-field-linked_text\"\n            >\n            Pol\u00edtica de Privacidade.        <\/a>\n    <\/label>\n    <span style=\"color:#ff0000;\">*<\/span>\n<\/div>\n\n<\/div>\r\n<\/div>\r\n<div data-field-wrapper=\"fld_7908577\" class=\"form-group\" id=\"fld_7908577_1-wrap\">\r\n<div class=\"\">\r\n\t<input  class=\"btn btn-default\" type=\"submit\" name=\"fld_7908577\" id=\"fld_7908577_1\" value=\"Send\" data-field=\"fld_7908577\"  >\n<\/div>\r\n<\/div>\r\n\t<input class=\"button_trigger_1\" type=\"hidden\" name=\"fld_7908577\" id=\"fld_7908577_1_btn\" value=\"\" data-field=\"fld_7908577\"  \/>\n<\/div><\/div><input type=\"hidden\" name=\"trp-form-language\" value=\"en\"\/><\/form>\r\n<\/div>\r\n<div class=\"aio-icon-component   accent-icon-color accent-title-color style_1\"><div id=\"Info-box-wrap-4999\" class=\"aio-icon-box default-icon\" style=\"\"  ><div class=\"aio-icon-default\"><div class=\"ult-just-icon-wrapper\"><div class=\"align-icon\" style=\"text-align:center;\">\n<div class=\"aio-icon none\"  style=\"color:#333;font-size:0px;display:inline-block;\">\n\t<i class=\"fas fa-tree\"><\/i>\n<\/div><\/div><\/div><\/div><div class=\"aio-icon-header\" ><h3 class=\"aio-icon-title ult-responsive\"  data-ultimate-target='#Info-box-wrap-4999 .aio-icon-title'  data-responsive-json-new='{\"font-size\":\"desktop:20px;\",\"line-height\":\"desktop:18px;\"}'  style=\"font-weight:bold;\">The environment thanks you.<\/h3><\/div> <!-- header --><\/div> <!-- aio-icon-box --><\/div> <!-- aio-icon-component --><\/div><\/div><\/div><\/div>","protected":false},"excerpt":{"rendered":"<p>Web Site Nome Email Telefone Materiais de Recolha Tipo de recolha Res\u00edduos Agr\u00edcolas Res\u00edduos de Equipamentos El\u00e9ctricos e Electr\u00f3nicos (REEE&#8217;s) Res\u00edduos Perigosos Res\u00edduos Industriais Banais (RIBS) Res\u00edduos de Constru\u00e7\u00e3o e Demoli\u00e7\u00e3o (RCD&#8217;s) Servi\u00e7os de Limpeza Industrial Pl\u00e1sticos Cart\u00e3o Arquivo Metais Ferrosos Metais N\u00e3o Ferrosos Outros Data Morada Completa Descri\u00e7\u00e3o Tomei conhecimento que os dados pessoais&hellip;<\/p>","protected":false},"author":1,"featured_media":0,"parent":493,"menu_order":50,"comment_status":"closed","ping_status":"closed","template":"","meta":{"footnotes":""},"class_list":["post-932","page","type-page","status-publish","hentry","description-off"],"_links":{"self":[{"href":"https:\/\/linhambiente.pt\/en\/wp-json\/wp\/v2\/pages\/932","targetHints":{"allow":["GET"]}}],"collection":[{"href":"https:\/\/linhambiente.pt\/en\/wp-json\/wp\/v2\/pages"}],"about":[{"href":"https:\/\/linhambiente.pt\/en\/wp-json\/wp\/v2\/types\/page"}],"author":[{"embeddable":true,"href":"https:\/\/linhambiente.pt\/en\/wp-json\/wp\/v2\/users\/1"}],"replies":[{"embeddable":true,"href":"https:\/\/linhambiente.pt\/en\/wp-json\/wp\/v2\/comments?post=932"}],"version-history":[{"count":12,"href":"https:\/\/linhambiente.pt\/en\/wp-json\/wp\/v2\/pages\/932\/revisions"}],"predecessor-version":[{"id":1433,"href":"https:\/\/linhambiente.pt\/en\/wp-json\/wp\/v2\/pages\/932\/revisions\/1433"}],"up":[{"embeddable":true,"href":"https:\/\/linhambiente.pt\/en\/wp-json\/wp\/v2\/pages\/493"}],"wp:attachment":[{"href":"https:\/\/linhambiente.pt\/en\/wp-json\/wp\/v2\/media?parent=932"}],"curies":[{"name":"wp","href":"https:\/\/api.w.org\/{rel}","templated":true}]}}