{"id":776,"date":"2021-10-08T17:09:16","date_gmt":"2021-10-08T17:09:16","guid":{"rendered":"https:\/\/linhaambiente-beta.ynexus.com\/?page_id=776"},"modified":"2022-06-22T13:21:56","modified_gmt":"2022-06-22T13:21:56","slug":"equipa","status":"publish","type":"page","link":"https:\/\/linhambiente.pt\/en\/company\/team\/","title":{"rendered":"Team"},"content":{"rendered":"<div class=\"vc_row wpb_row vc_row-fluid vc_custom_1634312482803\"><div class=\"wpb_column vc_column_container vc_col-sm-12\"><div class=\"vc_column-inner\"><div class=\"wpb_wrapper\"><div id=\"ultimate-heading-292669e6291c9b689\" class=\"uvc-heading ult-adjust-bottom-margin ultimate-heading-292669e6291c9b689 uvc-8812  uvc-heading-default-font-sizes\" data-hspacer=\"no_spacer\"  data-halign=\"center\" style=\"text-align:center\"><div class=\"uvc-heading-spacer no_spacer\" style=\"top\"><\/div><div class=\"uvc-main-heading ult-responsive\"  data-ultimate-target='.uvc-heading.ultimate-heading-292669e6291c9b689 h2'  data-responsive-json-new='{\"font-size\":\"\",\"line-height\":\"\"}' ><h2 style=\"--font-weight:theme;color:#000000;\">Financial and Administrative Department<\/h2><\/div><\/div><\/div><\/div><\/div><\/div><div class=\"vc_row wpb_row vc_row-fluid vc_custom_1634312527485\"><div class=\"wpb_column vc_column_container vc_col-sm-3\"><div class=\"vc_column-inner\"><div class=\"wpb_wrapper\"><div class=\"ult-team-member-wrap ult-style-1\"><div class=\"ult-team-member-image\" style=\"\"> <img decoding=\"async\" class=\"\" src=\"https:\/\/linhambiente.pt\/wp-content\/uploads\/2021\/10\/Ricardo_Santos.png\" alt=\"Ricardo Santos - Financial Director - Linhambiente\"  style=\"\"><span class=\"ult-team-member-image-overlay\"  ><\/span><\/div><div class=\"ult-team-member-bio-wrap style-1 ultimate-heading69e6291c9c452\" style=\"text-align:center;; \"><div class=\"ult-team-member-name-wrap\"><h2 class=\"ult-team-member-name ult-responsive\"  data-ultimate-target='.ult-team-member-bio-wrap.ultimate-heading69e6291c9c452 .ult-team-member-name'  data-responsive-json-new='{\"font-size\":\"\",\"line-height\":\"\"}'  style=\"\">Ricardo Santos<\/h2><div class=\"ult-team-member-position ult-responsive\"  data-ultimate-target='.ult-team-member-bio-wrap.ultimate-heading69e6291c9c452 .ult-team-member-position'  data-responsive-json-new='{\"font-size\":\"\",\"line-height\":\"\"}'  style=\"\">FINANCIAL DIRECTOR<\/div><div class=\"ult-team-member-description ult-responsive\"  data-ultimate-target='.ult-team-member-bio-wrap.ultimate-heading69e6291c9c452 .ult-team-member-description'  data-responsive-json-new='{\"font-size\":\"\",\"line-height\":\"\"}'  style=\"\"><p><a href=\"mailto:ricardo.santos@linhambiente.pt\"><span style=\"font-weight: 400;\">ricardo.santos@linhambiente.pt<\/span><\/a><br \/>\n<span style=\"font-weight: 400;\">+351 917 215 177<\/span><\/p><\/div><div style=\"margin-bottom:15px\"><\/div><\/div><\/div><\/div><\/div><\/div><\/div><div class=\"wpb_column vc_column_container vc_col-sm-3\"><div class=\"vc_column-inner\"><div class=\"wpb_wrapper\"><div class=\"ult-team-member-wrap ult-style-1\"><div class=\"ult-team-member-image\" style=\"\"> <img decoding=\"async\" class=\"\" src=\"https:\/\/linhambiente.pt\/wp-content\/uploads\/2021\/10\/Manuel_Ramalho.png\" alt=\"Manuel Ramalho - TOC - Linhambiente\"  style=\"\"><span class=\"ult-team-member-image-overlay\"  ><\/span><\/div><div class=\"ult-team-member-bio-wrap style-1 ultimate-heading69e6291c9caa6\" style=\"text-align:center;; \"><div class=\"ult-team-member-name-wrap\"><h2 class=\"ult-team-member-name ult-responsive\"  data-ultimate-target='.ult-team-member-bio-wrap.ultimate-heading69e6291c9caa6 .ult-team-member-name'  data-responsive-json-new='{\"font-size\":\"\",\"line-height\":\"\"}'  style=\"\">Manuel Ramalho<\/h2><div class=\"ult-team-member-position ult-responsive\"  data-ultimate-target='.ult-team-member-bio-wrap.ultimate-heading69e6291c9caa6 .ult-team-member-position'  data-responsive-json-new='{\"font-size\":\"\",\"line-height\":\"\"}'  style=\"\">TOC<\/div><div class=\"ult-team-member-description ult-responsive\"  data-ultimate-target='.ult-team-member-bio-wrap.ultimate-heading69e6291c9caa6 .ult-team-member-description'  data-responsive-json-new='{\"font-size\":\"\",\"line-height\":\"\"}'  style=\"\"><p><a href=\"mailto:contabilidade@linhambiente.pt\"><span style=\"font-weight: 400;\">contabilidade@linhambiente.pt<\/span><\/a><br \/>\n<span style=\"font-weight: 400;\">+351 919 633 281<\/span><\/p><\/div><div style=\"margin-bottom:15px\"><\/div><\/div><\/div><\/div><\/div><\/div><\/div><div class=\"wpb_column vc_column_container vc_col-sm-3\"><div class=\"vc_column-inner\"><div class=\"wpb_wrapper\"><div class=\"ult-team-member-wrap ult-style-1\"><div class=\"ult-team-member-image\" style=\"\"> <img decoding=\"async\" class=\"\" src=\"https:\/\/linhambiente.pt\/wp-content\/uploads\/2021\/12\/Equipa_Linhambiente_Bruno_Rosa.jpg\" alt=\"Bruno Rosa - Accounting - Linhambiente\"  style=\"\"><span class=\"ult-team-member-image-overlay\"  ><\/span><\/div><div class=\"ult-team-member-bio-wrap style-1 ultimate-heading69e6291c9d0ad\" style=\"text-align:center;; \"><div class=\"ult-team-member-name-wrap\"><h2 class=\"ult-team-member-name ult-responsive\"  data-ultimate-target='.ult-team-member-bio-wrap.ultimate-heading69e6291c9d0ad .ult-team-member-name'  data-responsive-json-new='{\"font-size\":\"\",\"line-height\":\"\"}'  style=\"\">Bruno Rosa<\/h2><div class=\"ult-team-member-position ult-responsive\"  data-ultimate-target='.ult-team-member-bio-wrap.ultimate-heading69e6291c9d0ad .ult-team-member-position'  data-responsive-json-new='{\"font-size\":\"\",\"line-height\":\"\"}'  style=\"\">Accounting<\/div><div class=\"ult-team-member-description ult-responsive\"  data-ultimate-target='.ult-team-member-bio-wrap.ultimate-heading69e6291c9d0ad .ult-team-member-description'  data-responsive-json-new='{\"font-size\":\"\",\"line-height\":\"\"}'  style=\"\"><p><a href=\"mailto:contabilidade@linhambiente.pt\"><span style=\"font-weight: 400;\">contabilidade@linhambiente.pt<\/span><\/a><br \/>\n<span style=\"font-weight: 400;\">+351 913 130 692<\/span><\/p><\/div><div style=\"margin-bottom:15px\"><\/div><\/div><\/div><\/div><\/div><\/div><\/div><div class=\"wpb_column vc_column_container vc_col-sm-3\"><div class=\"vc_column-inner\"><div class=\"wpb_wrapper\"><div class=\"ult-team-member-wrap ult-style-1\"><div class=\"ult-team-member-image\" style=\"\"> <img decoding=\"async\" class=\"\" src=\"https:\/\/linhambiente.pt\/wp-content\/uploads\/2021\/12\/andreia.jpg\" alt=\"Andreia Antunes - Administrative - Linhambiente\"  style=\"\"><span class=\"ult-team-member-image-overlay\"  ><\/span><\/div><div class=\"ult-team-member-bio-wrap style-1 ultimate-heading69e6291c9d600\" style=\"text-align:center;; \"><div class=\"ult-team-member-name-wrap\"><h2 class=\"ult-team-member-name ult-responsive\"  data-ultimate-target='.ult-team-member-bio-wrap.ultimate-heading69e6291c9d600 .ult-team-member-name'  data-responsive-json-new='{\"font-size\":\"\",\"line-height\":\"\"}'  style=\"\">Andreia Antunes<\/h2><div class=\"ult-team-member-position ult-responsive\"  data-ultimate-target='.ult-team-member-bio-wrap.ultimate-heading69e6291c9d600 .ult-team-member-position'  data-responsive-json-new='{\"font-size\":\"\",\"line-height\":\"\"}'  style=\"\">Administrative<\/div><div class=\"ult-team-member-description ult-responsive\"  data-ultimate-target='.ult-team-member-bio-wrap.ultimate-heading69e6291c9d600 .ult-team-member-description'  data-responsive-json-new='{\"font-size\":\"\",\"line-height\":\"\"}'  style=\"\"><p><a href=\"mailto:geral@linhambiente.pt\"><span style=\"font-weight: 400;\">geral@linhambiente.pt<\/span><\/a><br \/>\n<span style=\"font-weight: 400;\">+351 236 023\u00a0590<\/span><\/p><\/div><div style=\"margin-bottom:15px\"><\/div><\/div><\/div><\/div><\/div><\/div><\/div><\/div><div class=\"vc_row wpb_row vc_row-fluid vc_custom_1634312482803\"><div class=\"wpb_column vc_column_container vc_col-sm-12\"><div class=\"vc_column-inner\"><div class=\"wpb_wrapper\"><div id=\"ultimate-heading-999069e6291c9daf9\" class=\"uvc-heading ult-adjust-bottom-margin ultimate-heading-999069e6291c9daf9 uvc-1141  uvc-heading-default-font-sizes\" data-hspacer=\"no_spacer\"  data-halign=\"center\" style=\"text-align:center\"><div class=\"uvc-heading-spacer no_spacer\" style=\"top\"><\/div><div class=\"uvc-main-heading ult-responsive\"  data-ultimate-target='.uvc-heading.ultimate-heading-999069e6291c9daf9 h2'  data-responsive-json-new='{\"font-size\":\"\",\"line-height\":\"\"}' ><h2 style=\"--font-weight:theme;color:#000000;\">Commercial Department<\/h2><\/div><\/div><\/div><\/div><\/div><\/div><div class=\"vc_row wpb_row vc_row-fluid vc_custom_1634312550619\"><div class=\"wpb_column vc_column_container vc_col-sm-4\"><div class=\"vc_column-inner\"><div class=\"wpb_wrapper\"><div class=\"ult-team-member-wrap ult-style-1\"><div class=\"ult-team-member-image\" style=\"\"> <img decoding=\"async\" class=\"\" src=\"https:\/\/linhambiente.pt\/wp-content\/uploads\/2021\/12\/mario.jpg\" alt=\"M\u00e1rio Luis - Commercial Director  - Linhambiente\"  style=\"\"><span class=\"ult-team-member-image-overlay\"  ><\/span><\/div><div class=\"ult-team-member-bio-wrap style-1 ultimate-heading69e6291c9e2ee\" style=\"text-align:center;; \"><div class=\"ult-team-member-name-wrap\"><h2 class=\"ult-team-member-name ult-responsive\"  data-ultimate-target='.ult-team-member-bio-wrap.ultimate-heading69e6291c9e2ee .ult-team-member-name'  data-responsive-json-new='{\"font-size\":\"\",\"line-height\":\"\"}'  style=\"\">M\u00e1rio Luis<\/h2><div class=\"ult-team-member-position ult-responsive\"  data-ultimate-target='.ult-team-member-bio-wrap.ultimate-heading69e6291c9e2ee .ult-team-member-position'  data-responsive-json-new='{\"font-size\":\"\",\"line-height\":\"\"}'  style=\"\">Commercial Director<\/div><div class=\"ult-team-member-description ult-responsive\"  data-ultimate-target='.ult-team-member-bio-wrap.ultimate-heading69e6291c9e2ee .ult-team-member-description'  data-responsive-json-new='{\"font-size\":\"\",\"line-height\":\"\"}'  style=\"\"><p><a href=\"mailto:mario.luis@linhambiente.pt\"><span style=\"font-weight: 400;\">mario.luis@linhambiente.pt<\/span><\/a><br \/>\n<span style=\"font-weight: 400;\">+351 917 285\u00a0100<\/span><\/p><\/div><div style=\"margin-bottom:15px\"><\/div><\/div><\/div><\/div><\/div><\/div><\/div><div class=\"wpb_column vc_column_container vc_col-sm-4\"><div class=\"vc_column-inner\"><div class=\"wpb_wrapper\"><div class=\"ult-team-member-wrap ult-style-1\"><div class=\"ult-team-member-image\" style=\"\"> <img decoding=\"async\" class=\"\" src=\"https:\/\/linhambiente.pt\/wp-content\/uploads\/2021\/12\/pedro.jpg\" alt=\"Pedro Sim\u00f5es - International Area- Linhambiente\"  style=\"\"><span class=\"ult-team-member-image-overlay\"  ><\/span><\/div><div class=\"ult-team-member-bio-wrap style-1 ultimate-heading69e6291c9e853\" style=\"text-align:center;; \"><div class=\"ult-team-member-name-wrap\"><h2 class=\"ult-team-member-name ult-responsive\"  data-ultimate-target='.ult-team-member-bio-wrap.ultimate-heading69e6291c9e853 .ult-team-member-name'  data-responsive-json-new='{\"font-size\":\"\",\"line-height\":\"\"}'  style=\"\">Pedro Sim\u00f5es<\/h2><div class=\"ult-team-member-position ult-responsive\"  data-ultimate-target='.ult-team-member-bio-wrap.ultimate-heading69e6291c9e853 .ult-team-member-position'  data-responsive-json-new='{\"font-size\":\"\",\"line-height\":\"\"}'  style=\"\">International Area<\/div><div class=\"ult-team-member-description ult-responsive\"  data-ultimate-target='.ult-team-member-bio-wrap.ultimate-heading69e6291c9e853 .ult-team-member-description'  data-responsive-json-new='{\"font-size\":\"\",\"line-height\":\"\"}'  style=\"\"><p><a href=\"mailto:pedro.simoes@linhambiente.pt\"><span style=\"font-weight: 400;\">pedro.simoes@linhambiente.pt<\/span><\/a><br \/>\n<span style=\"font-weight: 400;\">+351 910 010 677<\/span><\/p><\/div><div style=\"margin-bottom:15px\"><\/div><\/div><\/div><\/div><\/div><\/div><\/div><div class=\"wpb_column vc_column_container vc_col-sm-4\"><div class=\"vc_column-inner\"><div class=\"wpb_wrapper\"><\/div><\/div><\/div><\/div><div class=\"vc_row wpb_row vc_row-fluid vc_custom_1634312482803\"><div class=\"wpb_column vc_column_container vc_col-sm-12\"><div class=\"vc_column-inner\"><div class=\"wpb_wrapper\"><div id=\"ultimate-heading-434969e6291c9eeba\" class=\"uvc-heading ult-adjust-bottom-margin ultimate-heading-434969e6291c9eeba uvc-8786  uvc-heading-default-font-sizes\" data-hspacer=\"no_spacer\"  data-halign=\"center\" style=\"text-align:center\"><div class=\"uvc-heading-spacer no_spacer\" style=\"top\"><\/div><div class=\"uvc-main-heading ult-responsive\"  data-ultimate-target='.uvc-heading.ultimate-heading-434969e6291c9eeba h2'  data-responsive-json-new='{\"font-size\":\"\",\"line-height\":\"\"}' ><h2 style=\"--font-weight:theme;color:#000000;\">Production Department<\/h2><\/div><\/div><\/div><\/div><\/div><\/div><div class=\"vc_row wpb_row vc_row-fluid vc_custom_1634312527485\"><div class=\"wpb_column vc_column_container vc_col-sm-4\"><div class=\"vc_column-inner\"><div class=\"wpb_wrapper\"><div class=\"ult-team-member-wrap ult-style-1\"><div class=\"ult-team-member-image\" style=\"\"> <img decoding=\"async\" class=\"\" src=\"https:\/\/linhambiente.pt\/wp-content\/uploads\/2021\/10\/Paulo_Lopes.png\" alt=\"Paulo Lopes - Director of Production - Linhambiente\"  style=\"\"><span class=\"ult-team-member-image-overlay\"  ><\/span><\/div><div class=\"ult-team-member-bio-wrap style-1 ultimate-heading69e6291c9f68d\" style=\"text-align:center;; \"><div class=\"ult-team-member-name-wrap\"><h2 class=\"ult-team-member-name ult-responsive\"  data-ultimate-target='.ult-team-member-bio-wrap.ultimate-heading69e6291c9f68d .ult-team-member-name'  data-responsive-json-new='{\"font-size\":\"\",\"line-height\":\"\"}'  style=\"\">Paulo Lopes<\/h2><div class=\"ult-team-member-position ult-responsive\"  data-ultimate-target='.ult-team-member-bio-wrap.ultimate-heading69e6291c9f68d .ult-team-member-position'  data-responsive-json-new='{\"font-size\":\"\",\"line-height\":\"\"}'  style=\"\">DIRECTOR OF PRODUCTION<\/div><div class=\"ult-team-member-description ult-responsive\"  data-ultimate-target='.ult-team-member-bio-wrap.ultimate-heading69e6291c9f68d .ult-team-member-description'  data-responsive-json-new='{\"font-size\":\"\",\"line-height\":\"\"}'  style=\"\"><p><a href=\"mailto:paulo.lopes@linhambiente.ptt\"><span style=\"font-weight: 400;\">paulo.lopes@linhambiente.pt<\/span><\/a><br \/>\n<span style=\"font-weight: 400;\">+351 915 721\u00a0099<\/span><\/p><\/div><div style=\"margin-bottom:15px\"><\/div><\/div><\/div><\/div><\/div><\/div><\/div><div class=\"wpb_column vc_column_container vc_col-sm-4\"><div class=\"vc_column-inner\"><div class=\"wpb_wrapper\"><div class=\"ult-team-member-wrap ult-style-1\"><div class=\"ult-team-member-image\" style=\"\"> <img decoding=\"async\" class=\"\" src=\"https:\/\/linhambiente.pt\/wp-content\/uploads\/2020\/02\/woocommerce-placeholder.png\" alt=\"null\"  style=\"\"><span class=\"ult-team-member-image-overlay\"  ><\/span><\/div><div class=\"ult-team-member-bio-wrap style-1 ultimate-heading69e6291c9fc3d\" style=\"text-align:center;; \"><div class=\"ult-team-member-name-wrap\"><h2 class=\"ult-team-member-name ult-responsive\"  data-ultimate-target='.ult-team-member-bio-wrap.ultimate-heading69e6291c9fc3d .ult-team-member-name'  data-responsive-json-new='{\"font-size\":\"\",\"line-height\":\"\"}'  style=\"\">Fernando Rodrigues<\/h2><div class=\"ult-team-member-position ult-responsive\"  data-ultimate-target='.ult-team-member-bio-wrap.ultimate-heading69e6291c9fc3d .ult-team-member-position'  data-responsive-json-new='{\"font-size\":\"\",\"line-height\":\"\"}'  style=\"\">PRODUCTION MANAGER<\/div><div class=\"ult-team-member-description ult-responsive\"  data-ultimate-target='.ult-team-member-bio-wrap.ultimate-heading69e6291c9fc3d .ult-team-member-description'  data-responsive-json-new='{\"font-size\":\"\",\"line-height\":\"\"}'  style=\"\"><p><span style=\"font-weight: 400;\">+351\u00a0918\u00a0926 021<\/span><\/p><\/div><div style=\"margin-bottom:15px\"><\/div><\/div><\/div><\/div><\/div><\/div><\/div><div class=\"wpb_column vc_column_container vc_col-sm-4\"><div class=\"vc_column-inner\"><div class=\"wpb_wrapper\"><\/div><\/div><\/div><\/div><div class=\"vc_row wpb_row vc_row-fluid vc_custom_1634312482803\"><div class=\"wpb_column vc_column_container vc_col-sm-12\"><div class=\"vc_column-inner\"><div class=\"wpb_wrapper\"><div id=\"ultimate-heading-891069e6291ca02a1\" class=\"uvc-heading ult-adjust-bottom-margin ultimate-heading-891069e6291ca02a1 uvc-4107  uvc-heading-default-font-sizes\" data-hspacer=\"no_spacer\"  data-halign=\"center\" style=\"text-align:center\"><div class=\"uvc-heading-spacer no_spacer\" style=\"top\"><\/div><div class=\"uvc-main-heading ult-responsive\"  data-ultimate-target='.uvc-heading.ultimate-heading-891069e6291ca02a1 h2'  data-responsive-json-new='{\"font-size\":\"\",\"line-height\":\"\"}' ><h2 style=\"--font-weight:theme;color:#000000;\">Department of Quality and Environment<\/h2><\/div><\/div><\/div><\/div><\/div><\/div><div class=\"vc_row wpb_row vc_row-fluid vc_custom_1634312527485\"><div class=\"wpb_column vc_column_container vc_col-sm-4\"><div class=\"vc_column-inner\"><div class=\"wpb_wrapper\"><div class=\"ult-team-member-wrap ult-style-1\"><div class=\"ult-team-member-image\" style=\"\"> <img decoding=\"async\" class=\"\" src=\"https:\/\/linhambiente.pt\/wp-content\/uploads\/2021\/12\/filipe.jpg\" alt=\"Filipe Rodrigues - Quality and Environment - Linhambiente\"  style=\"\"><span class=\"ult-team-member-image-overlay\"  ><\/span><\/div><div class=\"ult-team-member-bio-wrap style-1 ultimate-heading69e6291ca0a7a\" style=\"text-align:center;; \"><div class=\"ult-team-member-name-wrap\"><h2 class=\"ult-team-member-name ult-responsive\"  data-ultimate-target='.ult-team-member-bio-wrap.ultimate-heading69e6291ca0a7a .ult-team-member-name'  data-responsive-json-new='{\"font-size\":\"\",\"line-height\":\"\"}'  style=\"\">Filipe Rodrigues<\/h2><div class=\"ult-team-member-position ult-responsive\"  data-ultimate-target='.ult-team-member-bio-wrap.ultimate-heading69e6291ca0a7a .ult-team-member-position'  data-responsive-json-new='{\"font-size\":\"\",\"line-height\":\"\"}'  style=\"\">QUALITY AND ENVIRONMENT<\/div><div class=\"ult-team-member-description ult-responsive\"  data-ultimate-target='.ult-team-member-bio-wrap.ultimate-heading69e6291ca0a7a .ult-team-member-description'  data-responsive-json-new='{\"font-size\":\"\",\"line-height\":\"\"}'  style=\"\"><p><a href=\"mailto:filipe.rodrigues@linhambiente.pt\"><span style=\"font-weight: 400;\">filipe.rodrigues@linhambiente.pt<\/span><\/a><br \/>\n<span style=\"font-weight: 400;\">+351 913 110 509<\/span><\/p><\/div><div style=\"margin-bottom:15px\"><\/div><\/div><\/div><\/div><\/div><\/div><\/div><div class=\"wpb_column vc_column_container vc_col-sm-4\"><div class=\"vc_column-inner\"><div class=\"wpb_wrapper\"><\/div><\/div><\/div><div class=\"wpb_column vc_column_container vc_col-sm-4\"><div class=\"vc_column-inner\"><div class=\"wpb_wrapper\"><\/div><\/div><\/div><\/div><div class=\"vc_row wpb_row vc_row-fluid vc_custom_1647266271442\"><div class=\"wpb_column vc_column_container vc_col-sm-12\"><div class=\"vc_column-inner\"><div class=\"wpb_wrapper\"><div id=\"ultimate-heading-864769e6291ca123e\" class=\"uvc-heading ult-adjust-bottom-margin ultimate-heading-864769e6291ca123e uvc-8858  uvc-heading-default-font-sizes\" data-hspacer=\"no_spacer\"  data-halign=\"center\" style=\"text-align:center\"><div class=\"uvc-heading-spacer no_spacer\" style=\"top\"><\/div><div class=\"uvc-main-heading ult-responsive\"  data-ultimate-target='.uvc-heading.ultimate-heading-864769e6291ca123e h2'  data-responsive-json-new='{\"font-size\":\"\",\"line-height\":\"\"}' ><h2 style=\"--font-weight:theme;color:#000000;\">Our Team<\/h2><\/div><\/div><\/div><\/div><\/div><\/div><div class=\"vc_row wpb_row vc_row-fluid vc_custom_1647266278425\"><div class=\"wpb_column vc_column_container vc_col-sm-12\"><div class=\"vc_column-inner\"><div class=\"wpb_wrapper\"><div class=\"ult-team-member-wrap ult-style-1\"><div class=\"ult-team-member-image\" style=\"\"> <img decoding=\"async\" class=\"\" src=\"https:\/\/linhambiente.pt\/wp-content\/uploads\/2022\/03\/Linhambiente-A-Equipa.jpg\" alt=\"Photo of our team at Linhambiente\"  style=\"\"><span class=\"ult-team-member-image-overlay\"  ><\/span><\/div><div class=\"ult-team-member-bio-wrap style-1 ultimate-heading69e6291ca1afc\" style=\"text-align:center;; \"><div class=\"ult-team-member-name-wrap\"><h2 class=\"ult-team-member-name ult-responsive\"  data-ultimate-target='.ult-team-member-bio-wrap.ultimate-heading69e6291ca1afc .ult-team-member-name'  data-responsive-json-new='{\"font-size\":\"\",\"line-height\":\"\"}'  style=\"\">TEAM LINHAMBIENTE<\/h2><div style=\"margin-bottom:15px\"><\/div><\/div><\/div><\/div><\/div><\/div><\/div><\/div>","protected":false},"excerpt":{"rendered":"<p>Departamento Financeiro e Administrativo Ricardo SantosDirector Financeiroricardo.santos@linhambiente.pt +351 917 215 177 Manuel RamalhoTOCcontabilidade@linhambiente.pt +351 919 633 281 Bruno RosaContabilidadecontabilidade@linhambiente.pt +351 913 130 692 Andreia AntunesAdministrativageral@linhambiente.pt +351 236 023\u00a0590Departamento Comercial M\u00e1rio LuisDirector Comercialmario.luis@linhambiente.pt +351 917 285\u00a0100 Pedro Sim\u00f5es\u00c1rea Internacionalpedro.simoes@linhambiente.pt +351 910 010 677Departamento de Produ\u00e7\u00e3o Paulo LopesDirector de Produ\u00e7\u00e3opaulo.lopes@linhambiente.pt +351 915 721\u00a0099 Fernando RodriguesEncarregado de Produ\u00e7\u00e3o+351\u00a0918\u00a0926&hellip;<\/p>","protected":false},"author":1,"featured_media":0,"parent":768,"menu_order":50,"comment_status":"closed","ping_status":"closed","template":"","meta":{"footnotes":""},"class_list":["post-776","page","type-page","status-publish","hentry","description-off"],"_links":{"self":[{"href":"https:\/\/linhambiente.pt\/en\/wp-json\/wp\/v2\/pages\/776","targetHints":{"allow":["GET"]}}],"collection":[{"href":"https:\/\/linhambiente.pt\/en\/wp-json\/wp\/v2\/pages"}],"about":[{"href":"https:\/\/linhambiente.pt\/en\/wp-json\/wp\/v2\/types\/page"}],"author":[{"embeddable":true,"href":"https:\/\/linhambiente.pt\/en\/wp-json\/wp\/v2\/users\/1"}],"replies":[{"embeddable":true,"href":"https:\/\/linhambiente.pt\/en\/wp-json\/wp\/v2\/comments?post=776"}],"version-history":[{"count":29,"href":"https:\/\/linhambiente.pt\/en\/wp-json\/wp\/v2\/pages\/776\/revisions"}],"predecessor-version":[{"id":1584,"href":"https:\/\/linhambiente.pt\/en\/wp-json\/wp\/v2\/pages\/776\/revisions\/1584"}],"up":[{"embeddable":true,"href":"https:\/\/linhambiente.pt\/en\/wp-json\/wp\/v2\/pages\/768"}],"wp:attachment":[{"href":"https:\/\/linhambiente.pt\/en\/wp-json\/wp\/v2\/media?parent=776"}],"curies":[{"name":"wp","href":"https:\/\/api.w.org\/{rel}","templated":true}]}}