{"id":768,"date":"2021-10-08T17:05:56","date_gmt":"2021-10-08T17:05:56","guid":{"rendered":"https:\/\/linhaambiente-beta.ynexus.com\/?page_id=768"},"modified":"2024-03-05T11:22:26","modified_gmt":"2024-03-05T11:22:26","slug":"empresa","status":"publish","type":"page","link":"https:\/\/linhambiente.pt\/en\/company\/","title":{"rendered":"About Us"},"content":{"rendered":"<div class=\"vc_row wpb_row vc_row-fluid\"><div class=\"wpb_column vc_column_container vc_col-sm-12\"><div class=\"vc_column-inner\"><div class=\"wpb_wrapper\"><div id=\"ultimate-heading-341769e614183794d\" class=\"uvc-heading ult-adjust-bottom-margin ultimate-heading-341769e614183794d uvc-5926 accent-title-color color-title\" data-hspacer=\"no_spacer\"  data-halign=\"center\" style=\"text-align:center\"><div class=\"uvc-heading-spacer no_spacer\" style=\"top\"><\/div><div class=\"uvc-main-heading ult-responsive\"  data-ultimate-target='.uvc-heading.ultimate-heading-341769e614183794d h2'  data-responsive-json-new='{\"font-size\":\"desktop:18px;\",\"line-height\":\"desktop:28px;\"}' ><h2 style=\"font-weight:bold;margin-bottom:10px;\">We have solutions for the management and recovery of all types of waste<\/h2><\/div><div class=\"uvc-sub-heading ult-responsive\"  data-ultimate-target='.uvc-heading.ultimate-heading-341769e614183794d .uvc-sub-heading '  data-responsive-json-new='{\"font-size\":\"desktop:34px;\",\"line-height\":\"desktop:44px;\"}'  style=\"font-weight:bold;\"><span style=\"color: #000000;\">About Us<\/span><\/div><\/div>\n\t<div class=\"wpb_text_column wpb_content_element  vc_custom_1639587222390\" >\n\t\t<div class=\"wpb_wrapper\">\n\t\t\t<p>At Linhambiente we develop specific solutions designed to manage different types of waste. Every day we connect recycling, production and consumption, creating added value.<\/p>\n<p>More than a waste management company, we are a player in the Circular Economy, transforming waste into resources.<\/p>\n\n\t\t<\/div>\n\t<\/div>\n<\/div><\/div><\/div><\/div><div class=\"vc_row wpb_row vc_row-fluid vc_custom_1639587691221\"><div class=\"wpb_column vc_column_container vc_col-sm-12\"><div class=\"vc_column-inner vc_custom_1638462899627\"><div class=\"wpb_wrapper\"><style type=\"text\/css\" data-type=\"the7_shortcodes-inline-css\">.gallery-carousel-shortcode.gallery-carousel-shortcode-id-bb3a94ca8729d89d4264e5ec74bd6e1a .owl-nav a {\n  width: 36px;\n  height: 36px;\n  border-radius: 500px;\n}\n.dt-arrow-border-on.gallery-carousel-shortcode.gallery-carousel-shortcode-id-bb3a94ca8729d89d4264e5ec74bd6e1a .owl-nav a:not(:hover):before {\n  border-width: 0px;\n}\n.dt-arrow-hover-border-on.gallery-carousel-shortcode.gallery-carousel-shortcode-id-bb3a94ca8729d89d4264e5ec74bd6e1a .owl-nav a:hover:after {\n  border-width: 0px;\n}\n.gallery-carousel-shortcode.gallery-carousel-shortcode-id-bb3a94ca8729d89d4264e5ec74bd6e1a .owl-nav a.owl-prev {\n  top: 50%;\n  transform: translateY(calc(-50% + 0px));\n  left: -43px;\n}\n@media all and (-ms-high-contrast: none) {\n  .gallery-carousel-shortcode.gallery-carousel-shortcode-id-bb3a94ca8729d89d4264e5ec74bd6e1a .owl-nav a.owl-prev {\n    transform: translateY(-50%);\n    margin-top: 0px;\n  }\n}\n.gallery-carousel-shortcode.gallery-carousel-shortcode-id-bb3a94ca8729d89d4264e5ec74bd6e1a .owl-nav a.owl-prev i {\n  padding: 0px 0px 0px 0px;\n}\n.gallery-carousel-shortcode.gallery-carousel-shortcode-id-bb3a94ca8729d89d4264e5ec74bd6e1a .owl-nav a.owl-next {\n  top: 50%;\n  transform: translateY(calc(-50% + 0px));\n  right: -43px;\n}\n@media all and (-ms-high-contrast: none) {\n  .gallery-carousel-shortcode.gallery-carousel-shortcode-id-bb3a94ca8729d89d4264e5ec74bd6e1a .owl-nav a.owl-next {\n    transform: translateY(-50%);\n    margin-top: 0px;\n  }\n}\n.gallery-carousel-shortcode.gallery-carousel-shortcode-id-bb3a94ca8729d89d4264e5ec74bd6e1a .owl-nav a.owl-next i {\n  padding: 0px 0px 0px 0px;\n}\n.gallery-carousel-shortcode.gallery-carousel-shortcode-id-bb3a94ca8729d89d4264e5ec74bd6e1a .owl-nav i {\n  font-size: 18px;\n}\n.gallery-carousel-shortcode.gallery-carousel-shortcode-id-bb3a94ca8729d89d4264e5ec74bd6e1a .owl-nav a:not(:hover) i,\n.gallery-carousel-shortcode.gallery-carousel-shortcode-id-bb3a94ca8729d89d4264e5ec74bd6e1a .owl-nav a:not(:hover) i:before {\n  color: #ffffff;\n  background: none;\n}\n.gallery-carousel-shortcode.gallery-carousel-shortcode-id-bb3a94ca8729d89d4264e5ec74bd6e1a .owl-nav a:hover i,\n.gallery-carousel-shortcode.gallery-carousel-shortcode-id-bb3a94ca8729d89d4264e5ec74bd6e1a .owl-nav a:hover i:before {\n  color: rgba(255,255,255,0.75);\n  background: none;\n}\n.gallery-carousel-shortcode.gallery-carousel-shortcode-id-bb3a94ca8729d89d4264e5ec74bd6e1a .owl-dots {\n  top: calc(100% + 20px);\n  left: 50%;\n  transform: translateX(calc(-50% + 0px));\n}\n@media all and (-ms-high-contrast: none) {\n  .gallery-carousel-shortcode.gallery-carousel-shortcode-id-bb3a94ca8729d89d4264e5ec74bd6e1a .owl-dots {\n    transform: translateX(-50%);\n    margin-left: 0px;\n  }\n}\n.gallery-carousel-shortcode.gallery-carousel-shortcode-id-bb3a94ca8729d89d4264e5ec74bd6e1a .owl-dot {\n  width: 10px;\n  height: 10px;\n  margin: 0 8px;\n}\n@media screen and (max-width: 778px) {\n  .gallery-carousel-shortcode.gallery-carousel-shortcode-id-bb3a94ca8729d89d4264e5ec74bd6e1a.hide-arrows .owl-nav a {\n    display: none;\n  }\n}\n@media screen and (max-width: 778px) {\n  .gallery-carousel-shortcode.gallery-carousel-shortcode-id-bb3a94ca8729d89d4264e5ec74bd6e1a.reposition-arrows .owl-nav .owl-prev {\n    top: 50%;\n    transform: translateY(calc(-50% + 0px));\n    left: 10px;\n  }\n  .gallery-carousel-shortcode.gallery-carousel-shortcode-id-bb3a94ca8729d89d4264e5ec74bd6e1a.reposition-arrows .owl-nav .owl-next {\n    top: 50%;\n    transform: translateY(calc(-50% + 0px));\n    right: 10px;\n  }\n}\n@media screen and (max-width: 778px) and all and (-ms-high-contrast: none) {\n  .gallery-carousel-shortcode.gallery-carousel-shortcode-id-bb3a94ca8729d89d4264e5ec74bd6e1a.reposition-arrows .owl-nav .owl-prev {\n    transform: translateY(-50%);\n    margin-top: 0px;\n  }\n}\n@media screen and (max-width: 778px) and all and (-ms-high-contrast: none) {\n  .gallery-carousel-shortcode.gallery-carousel-shortcode-id-bb3a94ca8729d89d4264e5ec74bd6e1a.reposition-arrows .owl-nav .owl-next {\n    transform: translateY(-50%);\n    margin-top: 0px;\n  }\n}\n.gallery-carousel-shortcode.gallery-carousel-shortcode-id-bb3a94ca8729d89d4264e5ec74bd6e1a figure,\n.gallery-carousel-shortcode.gallery-carousel-shortcode-id-bb3a94ca8729d89d4264e5ec74bd6e1a .rollover,\n.gallery-carousel-shortcode.gallery-carousel-shortcode-id-bb3a94ca8729d89d4264e5ec74bd6e1a img,\n.gallery-carousel-shortcode.gallery-carousel-shortcode-id-bb3a94ca8729d89d4264e5ec74bd6e1a .gallery-rollover {\n  border-radius: 0px;\n}\n.gallery-carousel-shortcode.gallery-carousel-shortcode-id-bb3a94ca8729d89d4264e5ec74bd6e1a.enable-bg-rollover .gallery-rollover {\n  background: -webkit-linear-gradient();\n  background: linear-gradient();\n}\n.gallery-carousel-shortcode.gallery-carousel-shortcode-id-bb3a94ca8729d89d4264e5ec74bd6e1a.enable-img-shadow .owl-stage-outer {\n  padding: 9px 0;\n}\n.gallery-carousel-shortcode.gallery-carousel-shortcode-id-bb3a94ca8729d89d4264e5ec74bd6e1a.enable-bg-rollover.hover-scale figure .rollover:after {\n  background: -webkit-linear-gradient();\n  background: linear-gradient();\n}\n.gallery-carousel-shortcode.gallery-carousel-shortcode-id-bb3a94ca8729d89d4264e5ec74bd6e1a.gallery-shortcode .gallery-zoom-ico {\n  width: 44px;\n  height: 44px;\n  line-height: 44px;\n  border-radius: 100px;\n  margin: -22px 0 0 -22px;\n  border-width: 0px;\n}\n.dt-icon-bg-on.gallery-carousel-shortcode.gallery-carousel-shortcode-id-bb3a94ca8729d89d4264e5ec74bd6e1a.gallery-shortcode .gallery-zoom-ico {\n  background: rgba(255,255,255,0.3);\n  box-shadow: none;\n}\n.gallery-carousel-shortcode.gallery-carousel-shortcode-id-bb3a94ca8729d89d4264e5ec74bd6e1a.gallery-shortcode .gallery-zoom-ico:before,\n.gallery-carousel-shortcode.gallery-carousel-shortcode-id-bb3a94ca8729d89d4264e5ec74bd6e1a.gallery-shortcode .gallery-zoom-ico span {\n  font-size: 32px;\n  line-height: 44px;\n  color: #ffffff;\n  background: none;\n}\n<\/style><div class=\"owl-carousel gallery-carousel-shortcode gallery-shortcode  dt-gallery-container dt-owl-carousel-call gallery-carousel-shortcode-id-bb3a94ca8729d89d4264e5ec74bd6e1a enable-bg-rollover meta-info-off dt-arrow-border-on dt-arrow-hover-border-on bullets-small-dot-stroke reposition-arrows dt-icon-bg-off arrows-bg-on disable-arrows-hover-bg arrows-hover-bg-on  hover-fade\" data-scroll-mode=\"1\" data-col-num=\"3\" data-wide-col-num=\"3\" data-laptop-col=\"3\" data-h-tablet-columns-num=\"3\" data-v-tablet-columns-num=\"2\" data-phone-columns-num=\"1\" data-col-gap=\"5\" data-stage-padding=\"0\" data-speed=\"600\" data-autoplay=\"false\" data-autoplay_speed=\"6000\" data-arrows=\"true\" data-bullet=\"false\" data-next-icon=\"icon-ar-017-r\" data-prev-icon=\"icon-ar-017-l\" data-img-shadow-size=\"12px\" data-img-shadow-spread=\"3px\"><div data-post-id=\"1388\" data-date=\"2022-03-02T10:58:49+00:00\" data-name=\"Fachada de um dos edif\u00edcios da empresa Linhambiente\"><figure class=\"post\"><a href=\"https:\/\/linhambiente.pt\/wp-content\/uploads\/2022\/03\/MG_1200-min-scaled.jpg\" class=\"rollover dt-pswp-item layzr-bg\" data-large_image_width=\"2560\" data-large_image_height=\"1440\" data-dt-img-description=\"\" title=\"Facade of one of the buildings of our company Linhambiente\"><img decoding=\"async\" class=\"preload-me owl-lazy-load\" src=\"data:image\/svg+xml,%3Csvg%20xmlns%3D&#39;http%3A%2F%2Fwww.w3.org%2F2000%2Fsvg&#39;%20viewBox%3D&#39;0%200%201440%201440&#39;%2F%3E\" data-src=\"https:\/\/linhambiente.pt\/wp-content\/uploads\/2022\/03\/MG_1200-min-scaled-1440x1440.jpg\" data-srcset=\"https:\/\/linhambiente.pt\/wp-content\/uploads\/2022\/03\/MG_1200-min-scaled-1440x1440.jpg 1440w\" alt=\"Offices of the Linhambiente waste management company\" width=\"1440\" height=\"1440\"  \/><span class=\"gallery-rollover\"><span class=\"gallery-zoom-ico icomoon-the7-font-the7-zoom-06\"><span><\/span><\/span><\/span><\/a><\/figure><\/div><div data-post-id=\"1076\" data-date=\"2021-12-15T16:55:45+00:00\" data-name=\"A frota de ve\u00edculos de gest\u00e3o de res\u00edduos da Linhambiente\"><figure class=\"post\"><a href=\"https:\/\/linhambiente.pt\/wp-content\/uploads\/2021\/12\/linhambiente-frota.jpg\" class=\"rollover dt-pswp-item layzr-bg\" data-large_image_width=\"1200\" data-large_image_height=\"675\" data-dt-img-description=\"\" title=\"Linhambiente&#039;s fleet of waste management vehicles\"><img decoding=\"async\" class=\"preload-me owl-lazy-load\" src=\"data:image\/svg+xml,%3Csvg%20xmlns%3D&#39;http%3A%2F%2Fwww.w3.org%2F2000%2Fsvg&#39;%20viewBox%3D&#39;0%200%20675%20675&#39;%2F%3E\" data-src=\"https:\/\/linhambiente.pt\/wp-content\/uploads\/2021\/12\/linhambiente-frota-675x675.jpg\" data-srcset=\"https:\/\/linhambiente.pt\/wp-content\/uploads\/2021\/12\/linhambiente-frota-675x675.jpg 675w\" alt=\"Linhambiente fleet of waste management vehicles\" width=\"675\" height=\"675\"  \/><span class=\"gallery-rollover\"><span class=\"gallery-zoom-ico icomoon-the7-font-the7-zoom-06\"><span><\/span><\/span><\/span><\/a><\/figure><\/div><div data-post-id=\"1079\" data-date=\"2021-12-15T16:55:51+00:00\" data-name=\"Equipamento de recolha de res\u00edduos em opera\u00e7\u00e3o na Linhambiente\"><figure class=\"post\"><a href=\"https:\/\/linhambiente.pt\/wp-content\/uploads\/2021\/12\/linhambiente-recolha.jpg\" class=\"rollover dt-pswp-item layzr-bg\" data-large_image_width=\"1200\" data-large_image_height=\"673\" data-dt-img-description=\"\" title=\"Waste collection equipment in operation at Linhambiente\"><img decoding=\"async\" class=\"preload-me owl-lazy-load\" src=\"data:image\/svg+xml,%3Csvg%20xmlns%3D&#39;http%3A%2F%2Fwww.w3.org%2F2000%2Fsvg&#39;%20viewBox%3D&#39;0%200%20673%20673&#39;%2F%3E\" data-src=\"https:\/\/linhambiente.pt\/wp-content\/uploads\/2021\/12\/linhambiente-recolha-673x673.jpg\" data-srcset=\"https:\/\/linhambiente.pt\/wp-content\/uploads\/2021\/12\/linhambiente-recolha-673x673.jpg 673w\" alt=\"Linhambiente waste collection equipment\" width=\"673\" height=\"673\"  \/><span class=\"gallery-rollover\"><span class=\"gallery-zoom-ico icomoon-the7-font-the7-zoom-06\"><span><\/span><\/span><\/span><\/a><\/figure><\/div><div data-post-id=\"1077\" data-date=\"2021-12-15T16:55:47+00:00\" data-name=\"Contentores IBC para armazenamento ou recolha de res\u00edduos s\u00f3lidos ou l\u00edquidos\"><figure class=\"post\"><a href=\"https:\/\/linhambiente.pt\/wp-content\/uploads\/2021\/12\/linhambiente-ibc.jpg\" class=\"rollover dt-pswp-item layzr-bg\" data-large_image_width=\"1200\" data-large_image_height=\"673\" data-dt-img-description=\"\" title=\"IBC containers for storage or collection of solid or liquid waste\"><img decoding=\"async\" class=\"preload-me owl-lazy-load\" src=\"data:image\/svg+xml,%3Csvg%20xmlns%3D&#39;http%3A%2F%2Fwww.w3.org%2F2000%2Fsvg&#39;%20viewBox%3D&#39;0%200%20673%20673&#39;%2F%3E\" data-src=\"https:\/\/linhambiente.pt\/wp-content\/uploads\/2021\/12\/linhambiente-ibc-673x673.jpg\" data-srcset=\"https:\/\/linhambiente.pt\/wp-content\/uploads\/2021\/12\/linhambiente-ibc-673x673.jpg 673w\" alt=\"IBC containers for storage or collection of solid or liquid waste in Linhambiente\" width=\"673\" height=\"673\"  \/><span class=\"gallery-rollover\"><span class=\"gallery-zoom-ico icomoon-the7-font-the7-zoom-06\"><span><\/span><\/span><\/span><\/a><\/figure><\/div><div data-post-id=\"1078\" data-date=\"2021-12-15T16:55:50+00:00\" data-name=\"Linhambiente | Interior de um dos nossos armaz\u00e9ns de gest\u00e3o de res\u00edduos\"><figure class=\"post\"><a href=\"https:\/\/linhambiente.pt\/wp-content\/uploads\/2021\/12\/linhambiente-interior.jpg\" class=\"rollover dt-pswp-item layzr-bg\" data-large_image_width=\"1200\" data-large_image_height=\"673\" data-dt-img-description=\"\" title=\"Linhambiente | Interior of one of our waste management warehouses\"><img decoding=\"async\" class=\"preload-me owl-lazy-load\" src=\"data:image\/svg+xml,%3Csvg%20xmlns%3D&#39;http%3A%2F%2Fwww.w3.org%2F2000%2Fsvg&#39;%20viewBox%3D&#39;0%200%20673%20673&#39;%2F%3E\" data-src=\"https:\/\/linhambiente.pt\/wp-content\/uploads\/2021\/12\/linhambiente-interior-673x673.jpg\" data-srcset=\"https:\/\/linhambiente.pt\/wp-content\/uploads\/2021\/12\/linhambiente-interior-673x673.jpg 673w\" alt=\"Interior of one of Linhambiente&#039;s waste management warehouses\" width=\"673\" height=\"673\"  \/><span class=\"gallery-rollover\"><span class=\"gallery-zoom-ico icomoon-the7-font-the7-zoom-06\"><span><\/span><\/span><\/span><\/a><\/figure><\/div><div data-post-id=\"1081\" data-date=\"2021-12-15T16:55:56+00:00\" data-name=\"Tratamento de res\u00edduos pl\u00e1sticos na Linhambiente\"><figure class=\"post\"><a href=\"https:\/\/linhambiente.pt\/wp-content\/uploads\/2021\/12\/linhambiente-tratamento.jpg\" class=\"rollover dt-pswp-item layzr-bg\" data-large_image_width=\"1200\" data-large_image_height=\"673\" data-dt-img-description=\"\" title=\"Treatment of plastic waste in Linhambiente\"><img decoding=\"async\" class=\"preload-me owl-lazy-load\" src=\"data:image\/svg+xml,%3Csvg%20xmlns%3D&#39;http%3A%2F%2Fwww.w3.org%2F2000%2Fsvg&#39;%20viewBox%3D&#39;0%200%20673%20673&#39;%2F%3E\" data-src=\"https:\/\/linhambiente.pt\/wp-content\/uploads\/2021\/12\/linhambiente-tratamento-673x673.jpg\" data-srcset=\"https:\/\/linhambiente.pt\/wp-content\/uploads\/2021\/12\/linhambiente-tratamento-673x673.jpg 673w\" alt=\"Baler press used in waste management in Linhambiente\" width=\"673\" height=\"673\"  \/><span class=\"gallery-rollover\"><span class=\"gallery-zoom-ico icomoon-the7-font-the7-zoom-06\"><span><\/span><\/span><\/span><\/a><\/figure><\/div><div data-post-id=\"1390\" data-date=\"2022-03-02T11:02:50+00:00\" data-name=\"Foto a\u00e9rea de zona exterior de armazenamento de res\u00edduos na Linhambiente\"><figure class=\"post\"><a href=\"https:\/\/linhambiente.pt\/wp-content\/uploads\/2022\/03\/DJI_0301-min.jpg\" class=\"rollover dt-pswp-item layzr-bg\" data-large_image_width=\"2500\" data-large_image_height=\"1404\" data-dt-img-description=\"\" title=\"Aerial photo of an outdoor waste storage area in Linhambiente\"><img decoding=\"async\" class=\"preload-me owl-lazy-load\" src=\"data:image\/svg+xml,%3Csvg%20xmlns%3D&#39;http%3A%2F%2Fwww.w3.org%2F2000%2Fsvg&#39;%20viewBox%3D&#39;0%200%201404%201404&#39;%2F%3E\" data-src=\"https:\/\/linhambiente.pt\/wp-content\/uploads\/2022\/03\/DJI_0301-min-1404x1404.jpg\" data-srcset=\"https:\/\/linhambiente.pt\/wp-content\/uploads\/2022\/03\/DJI_0301-min-1404x1404.jpg 1404w\" alt=\"Outdoor waste storage area in Linhambiente\" width=\"1404\" height=\"1404\"  \/><span class=\"gallery-rollover\"><span class=\"gallery-zoom-ico icomoon-the7-font-the7-zoom-06\"><span><\/span><\/span><\/span><\/a><\/figure><\/div><div data-post-id=\"1384\" data-date=\"2022-03-02T10:54:42+00:00\" data-name=\"Foto a\u00e9rea das instala\u00e7\u00f5es da Linhambiente\"><figure class=\"post\"><a href=\"https:\/\/linhambiente.pt\/wp-content\/uploads\/2022\/03\/home2.jpg\" class=\"rollover dt-pswp-item layzr-bg\" data-large_image_width=\"2500\" data-large_image_height=\"1404\" data-dt-img-description=\"\" title=\"Aerial photo of Linhambiente&#039;s facilities\"><img decoding=\"async\" class=\"preload-me owl-lazy-load\" src=\"data:image\/svg+xml,%3Csvg%20xmlns%3D&#39;http%3A%2F%2Fwww.w3.org%2F2000%2Fsvg&#39;%20viewBox%3D&#39;0%200%201404%201404&#39;%2F%3E\" data-src=\"https:\/\/linhambiente.pt\/wp-content\/uploads\/2022\/03\/home2-1404x1404.jpg\" data-srcset=\"https:\/\/linhambiente.pt\/wp-content\/uploads\/2022\/03\/home2-1404x1404.jpg 1404w\" alt=\"Our waste management facilities\" width=\"1404\" height=\"1404\"  \/><span class=\"gallery-rollover\"><span class=\"gallery-zoom-ico icomoon-the7-font-the7-zoom-06\"><span><\/span><\/span><\/span><\/a><\/figure><\/div><\/div>\n\t<div class=\"wpb_video_widget wpb_content_element vc_clearfix   vc_custom_1648206694655 vc_video-aspect-ratio-169 vc_video-el-width-100 vc_video-align-left\" >\n\t\t<div class=\"wpb_wrapper\">\n\t\t\t\n\t\t\t<div class=\"wpb_video_wrapper\"><iframe title=\"Linhambiente SA\" width=\"1200\" height=\"675\" src=\"https:\/\/www.youtube.com\/embed\/Y-z_keeyaIY?feature=oembed\" frameborder=\"0\" allow=\"accelerometer; autoplay; clipboard-write; encrypted-media; gyroscope; picture-in-picture; web-share\" allowfullscreen><\/iframe><\/div>\n\t\t<\/div>\n\t<\/div>\n<\/div><\/div><\/div><\/div><div data-vc-full-width=\"true\" data-vc-full-width-init=\"false\" class=\"vc_row wpb_row vc_row-fluid vc_custom_1636042298832 vc_row-has-fill\"><div class=\"wpb_column vc_column_container vc_col-sm-12\"><div class=\"vc_column-inner\"><div class=\"wpb_wrapper\"><div id=\"ultimate-heading-137469e6141845c38\" class=\"uvc-heading ult-adjust-bottom-margin ultimate-heading-137469e6141845c38 uvc-4966  uvc-heading-default-font-sizes\" data-hspacer=\"no_spacer\"  data-halign=\"center\" style=\"text-align:center\"><div class=\"uvc-heading-spacer no_spacer\" style=\"top\"><\/div><div class=\"uvc-main-heading ult-responsive\"  data-ultimate-target='.uvc-heading.ultimate-heading-137469e6141845c38 h3'  data-responsive-json-new='{\"font-size\":\"\",\"line-height\":\"\"}' ><h3 style=\"font-weight:bold;color:#000000;margin-bottom:20px;\">For more information or quote requests<\/h3><\/div><\/div><style type=\"text\/css\" data-type=\"the7_shortcodes-inline-css\">#default-btn-8d2f0b3a636ee135fde29e38a044227a.ico-right-side > i {\n  margin-right: 0px;\n  margin-left: 8px;\n}\n#default-btn-8d2f0b3a636ee135fde29e38a044227a > i {\n  margin-right: 8px;\n}\n<\/style><div class=\"btn-align-center\"><a href=\"https:\/\/linhambiente.pt\/en\/contact-us\/\" class=\"default-btn-shortcode dt-btn dt-btn-l link-hover-off  vc_custom_1639587253016\" id=\"default-btn-8d2f0b3a636ee135fde29e38a044227a\" title=\"Contacts\"><i class=\"far fa-comments\"><\/i><span>Contact us<\/span><\/a><\/div>\n\t<div class=\"wpb_text_column wpb_content_element\" >\n\t\t<div class=\"wpb_wrapper\">\n\t\t\t<p style=\"text-align: center;\"><span style=\"color: #000000;\">Or send us an email to <strong><a style=\"color: #000000; text-decoration: none;\" href=\"mailto:comercial@linhambiente.pt\">comercial@linhambiente.pt<\/a><\/strong><\/span><\/p>\n\n\t\t<\/div>\n\t<\/div>\n<\/div><\/div><\/div><\/div><div class=\"vc_row-full-width vc_clearfix\"><\/div>","protected":false},"excerpt":{"rendered":"<p>Temos solu\u00e7\u00f5es de gest\u00e3o e valoriza\u00e7\u00e3o de todo o tipo de res\u00edduosSobre N\u00f3s Na Linhambiente, desenvolvemos solu\u00e7\u00f5es adequadas \u00e0 gest\u00e3o de diferentes tipos de res\u00edduos. No dia a dia, ligamos a reciclagem, a produ\u00e7\u00e3o e o consumo, criando valor acrescentado. Mais do que uma empresa de gest\u00e3o de res\u00edduos, somos um player da Economia Circular,&hellip;<\/p>","protected":false},"author":1,"featured_media":0,"parent":0,"menu_order":25,"comment_status":"closed","ping_status":"closed","template":"","meta":{"footnotes":""},"class_list":["post-768","page","type-page","status-publish","hentry","description-off"],"_links":{"self":[{"href":"https:\/\/linhambiente.pt\/en\/wp-json\/wp\/v2\/pages\/768","targetHints":{"allow":["GET"]}}],"collection":[{"href":"https:\/\/linhambiente.pt\/en\/wp-json\/wp\/v2\/pages"}],"about":[{"href":"https:\/\/linhambiente.pt\/en\/wp-json\/wp\/v2\/types\/page"}],"author":[{"embeddable":true,"href":"https:\/\/linhambiente.pt\/en\/wp-json\/wp\/v2\/users\/1"}],"replies":[{"embeddable":true,"href":"https:\/\/linhambiente.pt\/en\/wp-json\/wp\/v2\/comments?post=768"}],"version-history":[{"count":30,"href":"https:\/\/linhambiente.pt\/en\/wp-json\/wp\/v2\/pages\/768\/revisions"}],"predecessor-version":[{"id":2366,"href":"https:\/\/linhambiente.pt\/en\/wp-json\/wp\/v2\/pages\/768\/revisions\/2366"}],"wp:attachment":[{"href":"https:\/\/linhambiente.pt\/en\/wp-json\/wp\/v2\/media?parent=768"}],"curies":[{"name":"wp","href":"https:\/\/api.w.org\/{rel}","templated":true}]}}