{"id":765,"date":"2021-10-08T16:42:23","date_gmt":"2021-10-08T16:42:23","guid":{"rendered":"https:\/\/linhaambiente-beta.ynexus.com\/?page_id=765"},"modified":"2021-11-04T16:18:39","modified_gmt":"2021-11-04T16:18:39","slug":"materiais","status":"publish","type":"page","link":"https:\/\/linhambiente.pt\/en\/materials\/","title":{"rendered":"Materials"},"content":{"rendered":"<div class=\"vc_row wpb_row vc_row-fluid vc_custom_1634224556209\"><div class=\"wpb_column vc_column_container vc_col-sm-12\"><div class=\"vc_column-inner\"><div class=\"wpb_wrapper\"><div id=\"ultimate-heading-250969e60cd5c7fc5\" class=\"uvc-heading ult-adjust-bottom-margin ultimate-heading-250969e60cd5c7fc5 uvc-8691  uvc-heading-default-font-sizes\" data-hspacer=\"no_spacer\"  data-halign=\"center\" style=\"text-align:center\"><div class=\"uvc-heading-spacer no_spacer\" style=\"top\"><\/div><div class=\"uvc-main-heading ult-responsive\"  data-ultimate-target='.uvc-heading.ultimate-heading-250969e60cd5c7fc5 h2'  data-responsive-json-new='{\"font-size\":\"\",\"line-height\":\"\"}' ><h2 style=\"font-weight:bold;color:#000000;\">Compra ou Recep\u00e7\u00e3o de Materiais<\/h2><\/div><\/div><\/div><\/div><\/div><\/div><div class=\"vc_row wpb_row vc_row-fluid vc_custom_1634224543789\"><div class=\"wpb_column vc_column_container vc_col-sm-6\"><div class=\"vc_column-inner\"><div class=\"wpb_wrapper\"><div id=\"ultimate-heading-458869e60cd5c91f7\" class=\"uvc-heading ult-adjust-bottom-margin ultimate-heading-458869e60cd5c91f7 uvc-3971  uvc-heading-default-font-sizes\" data-hspacer=\"no_spacer\"  data-halign=\"left\" style=\"text-align:left\"><div class=\"uvc-heading-spacer no_spacer\" style=\"top\"><\/div><div class=\"uvc-main-heading ult-responsive\"  data-ultimate-target='.uvc-heading.ultimate-heading-458869e60cd5c91f7 h2'  data-responsive-json-new='{\"font-size\":\"\",\"line-height\":\"\"}' ><h2 style=\"--font-weight:theme;color:#000000;margin-bottom:20px;\">Purchase of Metals<\/h2><\/div><\/div>\n\t<div class=\"wpb_text_column wpb_content_element  vc_custom_1634550657797\" >\n\t\t<div class=\"wpb_wrapper\">\n\t\t\t<p><span style=\"font-weight: 400; color: #000000;\">Compramos metais ferrosos e n\u00e3o ferrosos. Diferentes tipos de sucata, como por exemplo: ferro, cobre, alum\u00ednio, inox, baterias, cabos el\u00e9ctricos, etc.<\/span><\/p>\n\n\t\t<\/div>\n\t<\/div>\n<div class=\"vc_row wpb_row vc_inner vc_row-fluid\"><div class=\"wpb_column vc_column_container vc_col-sm-6\"><div class=\"vc_column-inner\"><div class=\"wpb_wrapper\"><style type=\"text\/css\" data-type=\"the7_shortcodes-inline-css\">#default-btn-37cc4cc71777eb3853befba8e6d6223c.ico-right-side > i {\n  margin-right: 0px;\n  margin-left: 8px;\n}\n#default-btn-37cc4cc71777eb3853befba8e6d6223c > i {\n  margin-right: 8px;\n}\n<\/style><a href=\"https:\/\/linhaambiente-beta.ynexus.com\/materiais\/recepcao-recolha-compra-metais\/\" class=\"default-btn-shortcode dt-btn dt-btn-m link-hover-off ico-right-side btn-inline-left\" id=\"default-btn-37cc4cc71777eb3853befba8e6d6223c\" title=\"Purchase of Metals\"><span>More info<\/span><i class=\"icomoon-the7-font-the7-arrow-03\"><\/i><\/a><\/div><\/div><\/div><\/div><\/div><\/div><\/div><div class=\"wpb_column vc_column_container vc_col-sm-6\"><div class=\"vc_column-inner\"><div class=\"wpb_wrapper\">\n\t<div  class=\"wpb_single_image wpb_content_element vc_align_left\">\n\t\t\n\t\t<figure class=\"wpb_wrapper vc_figure\">\n\t\t\t<div class=\"vc_single_image-wrapper   vc_box_border_grey\"><img decoding=\"async\" class=\"vc_single_image-img\" src=\"https:\/\/linhambiente.pt\/wp-content\/uploads\/woocommerce-placeholder-580x380.png\" width=\"580\" height=\"380\" alt=\"woocommerce-placeholder\" title=\"woocommerce-placeholder\"  data-dt-location=\"https:\/\/linhambiente.pt\/en\/woocommerce-placeholder\/\" \/><\/div>\n\t\t<\/figure>\n\t<\/div>\n<\/div><\/div><\/div><\/div><div class=\"vc_row wpb_row vc_row-fluid vc_custom_1634224534701\"><div class=\"wpb_column vc_column_container vc_col-sm-6\"><div class=\"vc_column-inner\"><div class=\"wpb_wrapper\">\n\t<div  class=\"wpb_single_image wpb_content_element vc_align_left\">\n\t\t\n\t\t<figure class=\"wpb_wrapper vc_figure\">\n\t\t\t<div class=\"vc_single_image-wrapper   vc_box_border_grey\"><img decoding=\"async\" class=\"vc_single_image-img\" src=\"https:\/\/linhambiente.pt\/wp-content\/uploads\/woocommerce-placeholder-580x380.png\" width=\"580\" height=\"380\" alt=\"woocommerce-placeholder\" title=\"woocommerce-placeholder\"  data-dt-location=\"https:\/\/linhambiente.pt\/en\/woocommerce-placeholder\/\" \/><\/div>\n\t\t<\/figure>\n\t<\/div>\n<\/div><\/div><\/div><div class=\"wpb_column vc_column_container vc_col-sm-6\"><div class=\"vc_column-inner\"><div class=\"wpb_wrapper\"><div id=\"ultimate-heading-972969e60cd5cdfaf\" class=\"uvc-heading ult-adjust-bottom-margin ultimate-heading-972969e60cd5cdfaf uvc-6304  uvc-heading-default-font-sizes\" data-hspacer=\"no_spacer\"  data-halign=\"left\" style=\"text-align:left\"><div class=\"uvc-heading-spacer no_spacer\" style=\"top\"><\/div><div class=\"uvc-main-heading ult-responsive\"  data-ultimate-target='.uvc-heading.ultimate-heading-972969e60cd5cdfaf h2'  data-responsive-json-new='{\"font-size\":\"\",\"line-height\":\"\"}' ><h2 style=\"--font-weight:theme;color:#000000;margin-bottom:20px;\">Recep\u00e7\u00e3o de Pl\u00e1sticos<\/h2><\/div><\/div>\n\t<div class=\"wpb_text_column wpb_content_element  vc_custom_1634550666001\" >\n\t\t<div class=\"wpb_wrapper\">\n\t\t\t<p><span style=\"font-weight: 400; color: #000000;\">Recebemos diferentes pl\u00e1sticos e prestamos servi\u00e7os de recolha.<\/span><\/p>\n\n\t\t<\/div>\n\t<\/div>\n<div class=\"vc_row wpb_row vc_inner vc_row-fluid\"><div class=\"wpb_column vc_column_container vc_col-sm-6\"><div class=\"vc_column-inner\"><div class=\"wpb_wrapper\"><style type=\"text\/css\" data-type=\"the7_shortcodes-inline-css\">#default-btn-b1ff6dbcbf2353a0af623dd9e63fe2f9.ico-right-side > i {\n  margin-right: 0px;\n  margin-left: 8px;\n}\n#default-btn-b1ff6dbcbf2353a0af623dd9e63fe2f9 > i {\n  margin-right: 8px;\n}\n<\/style><a href=\"https:\/\/linhaambiente-beta.ynexus.com\/materiais\/recepcao-recolha-plastico\/\" class=\"default-btn-shortcode dt-btn dt-btn-m link-hover-off ico-right-side btn-inline-left\" id=\"default-btn-b1ff6dbcbf2353a0af623dd9e63fe2f9\" title=\"Recep\u00e7\u00e3o de Pl\u00e1stico\"><span>More info<\/span><i class=\"icomoon-the7-font-the7-arrow-03\"><\/i><\/a><\/div><\/div><\/div><\/div><\/div><\/div><\/div><\/div><div class=\"vc_row wpb_row vc_row-fluid vc_custom_1634224526796\"><div class=\"wpb_column vc_column_container vc_col-sm-6\"><div class=\"vc_column-inner\"><div class=\"wpb_wrapper\"><div id=\"ultimate-heading-869369e60cd5cf345\" class=\"uvc-heading ult-adjust-bottom-margin ultimate-heading-869369e60cd5cf345 uvc-9408  uvc-heading-default-font-sizes\" data-hspacer=\"no_spacer\"  data-halign=\"left\" style=\"text-align:left\"><div class=\"uvc-heading-spacer no_spacer\" style=\"top\"><\/div><div class=\"uvc-main-heading ult-responsive\"  data-ultimate-target='.uvc-heading.ultimate-heading-869369e60cd5cf345 h2'  data-responsive-json-new='{\"font-size\":\"\",\"line-height\":\"\"}' ><h2 style=\"--font-weight:theme;color:#000000;margin-bottom:20px;\">Recep\u00e7\u00e3o de Cart\u00e3o<\/h2><\/div><\/div>\n\t<div class=\"wpb_text_column wpb_content_element  vc_custom_1634550677611\" >\n\t\t<div class=\"wpb_wrapper\">\n\t\t\t<p><span style=\"font-weight: 400; color: #000000;\">Recebemos diferentes tipos de cart\u00e3o e papel. Prestamos igualmente servi\u00e7os de recolha.<\/span><\/p>\n\n\t\t<\/div>\n\t<\/div>\n<div class=\"vc_row wpb_row vc_inner vc_row-fluid\"><div class=\"wpb_column vc_column_container vc_col-sm-6\"><div class=\"vc_column-inner\"><div class=\"wpb_wrapper\"><style type=\"text\/css\" data-type=\"the7_shortcodes-inline-css\">#default-btn-8e9b2e3b40dd2a854ad0a18460d9407b.ico-right-side > i {\n  margin-right: 0px;\n  margin-left: 8px;\n}\n#default-btn-8e9b2e3b40dd2a854ad0a18460d9407b > i {\n  margin-right: 8px;\n}\n<\/style><a href=\"https:\/\/linhaambiente-beta.ynexus.com\/materiais\/recepcao-recolha-papel-cartao\/\" class=\"default-btn-shortcode dt-btn dt-btn-m link-hover-off ico-right-side btn-inline-left\" id=\"default-btn-8e9b2e3b40dd2a854ad0a18460d9407b\" title=\"Recep\u00e7\u00e3o de Papel e Cart\u00e3o\"><span>More info<\/span><i class=\"icomoon-the7-font-the7-arrow-03\"><\/i><\/a><\/div><\/div><\/div><\/div><\/div><\/div><\/div><div class=\"wpb_column vc_column_container vc_col-sm-6\"><div class=\"vc_column-inner\"><div class=\"wpb_wrapper\">\n\t<div  class=\"wpb_single_image wpb_content_element vc_align_left\">\n\t\t\n\t\t<figure class=\"wpb_wrapper vc_figure\">\n\t\t\t<div class=\"vc_single_image-wrapper   vc_box_border_grey\"><img decoding=\"async\" class=\"vc_single_image-img\" src=\"https:\/\/linhambiente.pt\/wp-content\/uploads\/woocommerce-placeholder-580x380.png\" width=\"580\" height=\"380\" alt=\"woocommerce-placeholder\" title=\"woocommerce-placeholder\"  data-dt-location=\"https:\/\/linhambiente.pt\/en\/woocommerce-placeholder\/\" \/><\/div>\n\t\t<\/figure>\n\t<\/div>\n<\/div><\/div><\/div><\/div><div class=\"vc_row wpb_row vc_row-fluid vc_custom_1634224489980\"><div class=\"wpb_column vc_column_container vc_col-sm-6\"><div class=\"vc_column-inner\"><div class=\"wpb_wrapper\">\n\t<div  class=\"wpb_single_image wpb_content_element vc_align_left\">\n\t\t\n\t\t<figure class=\"wpb_wrapper vc_figure\">\n\t\t\t<div class=\"vc_single_image-wrapper   vc_box_border_grey\"><img decoding=\"async\" class=\"vc_single_image-img\" src=\"https:\/\/linhambiente.pt\/wp-content\/uploads\/woocommerce-placeholder-580x380.png\" width=\"580\" height=\"380\" alt=\"woocommerce-placeholder\" title=\"woocommerce-placeholder\"  data-dt-location=\"https:\/\/linhambiente.pt\/en\/woocommerce-placeholder\/\" \/><\/div>\n\t\t<\/figure>\n\t<\/div>\n<\/div><\/div><\/div><div class=\"wpb_column vc_column_container vc_col-sm-6\"><div class=\"vc_column-inner\"><div class=\"wpb_wrapper\"><div id=\"ultimate-heading-53369e60cd5dde98\" class=\"uvc-heading ult-adjust-bottom-margin ultimate-heading-53369e60cd5dde98 uvc-7340  uvc-heading-default-font-sizes\" data-hspacer=\"no_spacer\"  data-halign=\"left\" style=\"text-align:left\"><div class=\"uvc-heading-spacer no_spacer\" style=\"top\"><\/div><div class=\"uvc-main-heading ult-responsive\"  data-ultimate-target='.uvc-heading.ultimate-heading-53369e60cd5dde98 h2'  data-responsive-json-new='{\"font-size\":\"\",\"line-height\":\"\"}' ><h2 style=\"--font-weight:theme;color:#000000;margin-bottom:20px;\">Recep\u00e7\u00e3o de Outros Materiais<\/h2><\/div><\/div>\n\t<div class=\"wpb_text_column wpb_content_element  vc_custom_1634550688515\" >\n\t\t<div class=\"wpb_wrapper\">\n\t\t\t<p><span style=\"font-weight: 400; color: #000000;\">Recebemos e prestamos servi\u00e7os de recolha de outros materiais como por exemplo IBC&#8217;s (cubas de 1000 litros), Paletes, Big Bags para reutiliza\u00e7\u00e3o, etc.<\/span><\/p>\n\n\t\t<\/div>\n\t<\/div>\n<div class=\"vc_row wpb_row vc_inner vc_row-fluid\"><div class=\"wpb_column vc_column_container vc_col-sm-6\"><div class=\"vc_column-inner\"><div class=\"wpb_wrapper\"><style type=\"text\/css\" data-type=\"the7_shortcodes-inline-css\">#default-btn-eee1d3632a937a24206425e3ee91403a.ico-right-side > i {\n  margin-right: 0px;\n  margin-left: 8px;\n}\n#default-btn-eee1d3632a937a24206425e3ee91403a > i {\n  margin-right: 8px;\n}\n<\/style><a href=\"https:\/\/linhaambiente-beta.ynexus.com\/materiais\/recepcao-recolha-outros\/\" class=\"default-btn-shortcode dt-btn dt-btn-m link-hover-off ico-right-side btn-inline-left\" id=\"default-btn-eee1d3632a937a24206425e3ee91403a\" title=\"Recep\u00e7\u00e3o de Outros Materiais\"><span>More info<\/span><i class=\"icomoon-the7-font-the7-arrow-03\"><\/i><\/a><\/div><\/div><\/div><\/div><\/div><\/div><\/div><\/div><div data-vc-full-width=\"true\" data-vc-full-width-init=\"false\" class=\"vc_row wpb_row vc_row-fluid vc_custom_1634224321337 vc_row-has-fill\"><div class=\"wpb_column vc_column_container vc_col-sm-12\"><div class=\"vc_column-inner\"><div class=\"wpb_wrapper\"><div id=\"ultimate-heading-488469e60cd5df4eb\" class=\"uvc-heading ult-adjust-bottom-margin ultimate-heading-488469e60cd5df4eb uvc-2011  uvc-heading-default-font-sizes\" data-hspacer=\"no_spacer\"  data-halign=\"center\" style=\"text-align:center\"><div class=\"uvc-heading-spacer no_spacer\" style=\"top\"><\/div><div class=\"uvc-main-heading ult-responsive\"  data-ultimate-target='.uvc-heading.ultimate-heading-488469e60cd5df4eb h2'  data-responsive-json-new='{\"font-size\":\"\",\"line-height\":\"\"}' ><h2 style=\"font-weight:bold;color:#ffffff;\">Venda e Exporta\u00e7\u00e3o de Materiais<\/h2><\/div><\/div><\/div><\/div><\/div><\/div><div class=\"vc_row-full-width vc_clearfix\"><\/div><div data-vc-full-width=\"true\" data-vc-full-width-init=\"false\" class=\"vc_row wpb_row vc_row-fluid vc_custom_1634224362554 vc_row-has-fill\"><div class=\"wpb_column vc_column_container vc_col-sm-6\"><div class=\"vc_column-inner\"><div class=\"wpb_wrapper\"><div id=\"ultimate-heading-347269e60cd5dfeb9\" class=\"uvc-heading ult-adjust-bottom-margin ultimate-heading-347269e60cd5dfeb9 uvc-1231  uvc-heading-default-font-sizes\" data-hspacer=\"no_spacer\"  data-halign=\"left\" style=\"text-align:left\"><div class=\"uvc-heading-spacer no_spacer\" style=\"top\"><\/div><div class=\"uvc-main-heading ult-responsive\"  data-ultimate-target='.uvc-heading.ultimate-heading-347269e60cd5dfeb9 h2'  data-responsive-json-new='{\"font-size\":\"\",\"line-height\":\"\"}' ><h2 style=\"--font-weight:theme;color:#ffffff;margin-bottom:20px;\">Plastics<\/h2><\/div><\/div>\n\t<div class=\"wpb_text_column wpb_content_element  vc_custom_1634229543968\" >\n\t\t<div class=\"wpb_wrapper\">\n\t\t\t<p><span style=\"font-weight: 400; color: #ffffff;\">Temos habitualmente para venda diferentes tipos de pl\u00e1sticos:\u00a0<\/span><\/p>\n<p><span style=\"font-weight: 400; color: #ffffff;\">-em fardo, filmes LDPE (98\/2, supermercado, cor), filme de estufa, fita de rega, fitas PP\/PET, big bags, PET, HDPE, etc;\u00a0<\/span><\/p>\n<p><span style=\"font-weight: 400; color: #ffffff;\">-triturados, PP\/PE\u2019s, PVC (tubo, persiana), etc;<\/span><\/p>\n\n\t\t<\/div>\n\t<\/div>\n<div class=\"vc_row wpb_row vc_inner vc_row-fluid\"><div class=\"wpb_column vc_column_container vc_col-sm-6\"><div class=\"vc_column-inner\"><div class=\"wpb_wrapper\"><style type=\"text\/css\" data-type=\"the7_shortcodes-inline-css\">#default-btn-bb76d14e5f52542d30b2bdad482db694.ico-right-side > i {\n  margin-right: 0px;\n  margin-left: 8px;\n}\n#default-btn-bb76d14e5f52542d30b2bdad482db694 > i {\n  margin-right: 8px;\n}\n<\/style><a href=\"https:\/\/linhaambiente-beta.ynexus.com\/materiais\/venda-exportacao-plasticos\/\" class=\"default-btn-shortcode dt-btn dt-btn-m link-hover-off ico-right-side light-button btn-inline-left\" id=\"default-btn-bb76d14e5f52542d30b2bdad482db694\" title=\"Sale of Plastics\"><span>More info<\/span><i class=\"icomoon-the7-font-the7-arrow-03\"><\/i><\/a><\/div><\/div><\/div><\/div><\/div><\/div><\/div><div class=\"wpb_column vc_column_container vc_col-sm-6\"><div class=\"vc_column-inner\"><div class=\"wpb_wrapper\">\n\t<div  class=\"wpb_single_image wpb_content_element vc_align_left\">\n\t\t\n\t\t<figure class=\"wpb_wrapper vc_figure\">\n\t\t\t<div class=\"vc_single_image-wrapper   vc_box_border_grey\"><img decoding=\"async\" class=\"vc_single_image-img\" src=\"https:\/\/linhambiente.pt\/wp-content\/uploads\/woocommerce-placeholder-580x380.png\" width=\"580\" height=\"380\" alt=\"woocommerce-placeholder\" title=\"woocommerce-placeholder\"  data-dt-location=\"https:\/\/linhambiente.pt\/en\/woocommerce-placeholder\/\" \/><\/div>\n\t\t<\/figure>\n\t<\/div>\n<\/div><\/div><\/div><\/div><div class=\"vc_row-full-width vc_clearfix\"><\/div><div data-vc-full-width=\"true\" data-vc-full-width-init=\"false\" class=\"vc_row wpb_row vc_row-fluid vc_custom_1634224345946 vc_row-has-fill\"><div class=\"wpb_column vc_column_container vc_col-sm-6\"><div class=\"vc_column-inner\"><div class=\"wpb_wrapper\">\n\t<div  class=\"wpb_single_image wpb_content_element vc_align_left\">\n\t\t\n\t\t<figure class=\"wpb_wrapper vc_figure\">\n\t\t\t<div class=\"vc_single_image-wrapper   vc_box_border_grey\"><img decoding=\"async\" class=\"vc_single_image-img\" src=\"https:\/\/linhambiente.pt\/wp-content\/uploads\/woocommerce-placeholder-580x380.png\" width=\"580\" height=\"380\" alt=\"woocommerce-placeholder\" title=\"woocommerce-placeholder\"  data-dt-location=\"https:\/\/linhambiente.pt\/en\/woocommerce-placeholder\/\" \/><\/div>\n\t\t<\/figure>\n\t<\/div>\n<\/div><\/div><\/div><div class=\"wpb_column vc_column_container vc_col-sm-6\"><div class=\"vc_column-inner\"><div class=\"wpb_wrapper\"><div id=\"ultimate-heading-952369e60cd5e37aa\" class=\"uvc-heading ult-adjust-bottom-margin ultimate-heading-952369e60cd5e37aa uvc-1381  uvc-heading-default-font-sizes\" data-hspacer=\"no_spacer\"  data-halign=\"left\" style=\"text-align:left\"><div class=\"uvc-heading-spacer no_spacer\" style=\"top\"><\/div><div class=\"uvc-main-heading ult-responsive\"  data-ultimate-target='.uvc-heading.ultimate-heading-952369e60cd5e37aa h2'  data-responsive-json-new='{\"font-size\":\"\",\"line-height\":\"\"}' ><h2 style=\"--font-weight:theme;color:#ffffff;margin-bottom:20px;\">Paper and Cardboard<\/h2><\/div><\/div>\n\t<div class=\"wpb_text_column wpb_content_element  vc_custom_1634229561319\" >\n\t\t<div class=\"wpb_wrapper\">\n\t\t\t<p><span style=\"font-weight: 400; color: #ffffff;\">Dispomos de diferentes tipos de papel e cart\u00e3o para venda.<\/span><\/p>\n\n\t\t<\/div>\n\t<\/div>\n<div class=\"vc_row wpb_row vc_inner vc_row-fluid\"><div class=\"wpb_column vc_column_container vc_col-sm-6\"><div class=\"vc_column-inner\"><div class=\"wpb_wrapper\"><style type=\"text\/css\" data-type=\"the7_shortcodes-inline-css\">#default-btn-126e45c263a8b99134707d2e61b20855.ico-right-side > i {\n  margin-right: 0px;\n  margin-left: 8px;\n}\n#default-btn-126e45c263a8b99134707d2e61b20855 > i {\n  margin-right: 8px;\n}\n<\/style><a href=\"https:\/\/linhaambiente-beta.ynexus.com\/materiais\/venda-exportacao-papel-cartao\/\" class=\"default-btn-shortcode dt-btn dt-btn-m link-hover-off ico-right-side light-button btn-inline-left\" id=\"default-btn-126e45c263a8b99134707d2e61b20855\" title=\"Waste Paper Sale\"><span>More info<\/span><i class=\"icomoon-the7-font-the7-arrow-03\"><\/i><\/a><\/div><\/div><\/div><\/div><\/div><\/div><\/div><div class=\"wpb_column vc_column_container vc_col-sm-12\"><div class=\"vc_column-inner\"><div class=\"wpb_wrapper\"><\/div><\/div><\/div><\/div><div class=\"vc_row-full-width vc_clearfix\"><\/div><div data-vc-full-width=\"true\" data-vc-full-width-init=\"false\" class=\"vc_row wpb_row vc_row-fluid vc_custom_1634224373890 vc_row-has-fill\"><div class=\"wpb_column vc_column_container vc_col-sm-6\"><div class=\"vc_column-inner\"><div class=\"wpb_wrapper\"><div id=\"ultimate-heading-757069e60cd5e522a\" class=\"uvc-heading ult-adjust-bottom-margin ultimate-heading-757069e60cd5e522a uvc-9631  uvc-heading-default-font-sizes\" data-hspacer=\"no_spacer\"  data-halign=\"left\" style=\"text-align:left\"><div class=\"uvc-heading-spacer no_spacer\" style=\"top\"><\/div><div class=\"uvc-main-heading ult-responsive\"  data-ultimate-target='.uvc-heading.ultimate-heading-757069e60cd5e522a h2'  data-responsive-json-new='{\"font-size\":\"\",\"line-height\":\"\"}' ><h2 style=\"--font-weight:theme;color:#ffffff;margin-bottom:20px;\">Metals<\/h2><\/div><\/div>\n\t<div class=\"wpb_text_column wpb_content_element  vc_custom_1634229580512\" >\n\t\t<div class=\"wpb_wrapper\">\n\t\t\t<p><span style=\"font-weight: 400; color: #ffffff;\">Vendemos diferentes tipos de metais ferrosos, n\u00e3o ferrosos, motores, alternadores, etc.<\/span><\/p>\n\n\t\t<\/div>\n\t<\/div>\n<div class=\"vc_row wpb_row vc_inner vc_row-fluid\"><div class=\"wpb_column vc_column_container vc_col-sm-6\"><div class=\"vc_column-inner\"><div class=\"wpb_wrapper\"><style type=\"text\/css\" data-type=\"the7_shortcodes-inline-css\">#default-btn-1f00e1b47b5ec1a7242fa1d81e2be38a.ico-right-side > i {\n  margin-right: 0px;\n  margin-left: 8px;\n}\n#default-btn-1f00e1b47b5ec1a7242fa1d81e2be38a > i {\n  margin-right: 8px;\n}\n<\/style><a href=\"https:\/\/linhaambiente-beta.ynexus.com\/materiais\/venda-exportacao-metais\/\" class=\"default-btn-shortcode dt-btn dt-btn-m link-hover-off ico-right-side light-button btn-inline-left\" id=\"default-btn-1f00e1b47b5ec1a7242fa1d81e2be38a\" title=\"Sale of Metals\"><span>More info<\/span><i class=\"icomoon-the7-font-the7-arrow-03\"><\/i><\/a><\/div><\/div><\/div><\/div><\/div><\/div><\/div><div class=\"wpb_column vc_column_container vc_col-sm-6\"><div class=\"vc_column-inner\"><div class=\"wpb_wrapper\">\n\t<div  class=\"wpb_single_image wpb_content_element vc_align_left\">\n\t\t\n\t\t<figure class=\"wpb_wrapper vc_figure\">\n\t\t\t<div class=\"vc_single_image-wrapper   vc_box_border_grey\"><img decoding=\"async\" class=\"vc_single_image-img\" src=\"https:\/\/linhambiente.pt\/wp-content\/uploads\/woocommerce-placeholder-580x380.png\" width=\"580\" height=\"380\" alt=\"woocommerce-placeholder\" title=\"woocommerce-placeholder\"  data-dt-location=\"https:\/\/linhambiente.pt\/en\/woocommerce-placeholder\/\" \/><\/div>\n\t\t<\/figure>\n\t<\/div>\n<\/div><\/div><\/div><\/div><div class=\"vc_row-full-width vc_clearfix\"><\/div>","protected":false},"excerpt":{"rendered":"<p>Compra ou Recep\u00e7\u00e3o de MateriaisCompra de Metais Compramos metais ferrosos e n\u00e3o ferrosos. Diferentes tipos de sucata, como por exemplo: ferro, cobre, alum\u00ednio, inox, baterias, cabos el\u00e9ctricos, etc. Recep\u00e7\u00e3o de Pl\u00e1sticos Recebemos diferentes pl\u00e1sticos e prestamos servi\u00e7os de recolha. Recep\u00e7\u00e3o de Cart\u00e3o Recebemos diferentes tipos de cart\u00e3o e papel. Prestamos igualmente servi\u00e7os de recolha. Recep\u00e7\u00e3o&hellip;<\/p>","protected":false},"author":1,"featured_media":0,"parent":0,"menu_order":25,"comment_status":"closed","ping_status":"closed","template":"","meta":{"footnotes":""},"class_list":["post-765","page","type-page","status-publish","hentry","description-off"],"_links":{"self":[{"href":"https:\/\/linhambiente.pt\/en\/wp-json\/wp\/v2\/pages\/765","targetHints":{"allow":["GET"]}}],"collection":[{"href":"https:\/\/linhambiente.pt\/en\/wp-json\/wp\/v2\/pages"}],"about":[{"href":"https:\/\/linhambiente.pt\/en\/wp-json\/wp\/v2\/types\/page"}],"author":[{"embeddable":true,"href":"https:\/\/linhambiente.pt\/en\/wp-json\/wp\/v2\/users\/1"}],"replies":[{"embeddable":true,"href":"https:\/\/linhambiente.pt\/en\/wp-json\/wp\/v2\/comments?post=765"}],"version-history":[{"count":16,"href":"https:\/\/linhambiente.pt\/en\/wp-json\/wp\/v2\/pages\/765\/revisions"}],"predecessor-version":[{"id":1004,"href":"https:\/\/linhambiente.pt\/en\/wp-json\/wp\/v2\/pages\/765\/revisions\/1004"}],"wp:attachment":[{"href":"https:\/\/linhambiente.pt\/en\/wp-json\/wp\/v2\/media?parent=765"}],"curies":[{"name":"wp","href":"https:\/\/api.w.org\/{rel}","templated":true}]}}