{"id":643,"date":"2021-09-23T14:48:39","date_gmt":"2021-09-23T14:48:39","guid":{"rendered":"https:\/\/linhaambiente-beta.ynexus.com\/?page_id=643"},"modified":"2024-03-05T11:26:25","modified_gmt":"2024-03-05T11:26:25","slug":"area-industrial","status":"publish","type":"page","link":"https:\/\/linhambiente.pt\/en\/waste-management-services\/industrial-area\/","title":{"rendered":"Industrial Area"},"content":{"rendered":"<div class=\"vc_row wpb_row vc_row-fluid vc_custom_1639589836227 vc_row-o-equal-height vc_row-o-content-middle vc_row-flex\"><div class=\"wpb_column vc_column_container vc_col-sm-6\"><div class=\"vc_column-inner\"><div class=\"wpb_wrapper\"><style type=\"text\/css\" data-type=\"the7_shortcodes-inline-css\">.gallery-shortcode.gallery-masonry-shortcode-id-6c2c6e16e7412ebd195a09d7ec3cca7b figure,\n.gallery-shortcode.gallery-masonry-shortcode-id-6c2c6e16e7412ebd195a09d7ec3cca7b .rollover,\n.gallery-shortcode.gallery-masonry-shortcode-id-6c2c6e16e7412ebd195a09d7ec3cca7b img,\n.gallery-shortcode.gallery-masonry-shortcode-id-6c2c6e16e7412ebd195a09d7ec3cca7b .gallery-rollover {\n  border-radius: 0px;\n}\n.gallery-shortcode.gallery-masonry-shortcode-id-6c2c6e16e7412ebd195a09d7ec3cca7b.enable-bg-rollover .gallery-rollover {\n  background: -webkit-linear-gradient();\n  background: linear-gradient();\n}\n.gallery-shortcode.gallery-masonry-shortcode-id-6c2c6e16e7412ebd195a09d7ec3cca7b.enable-bg-rollover.hover-scale figure .rollover:after {\n  background: -webkit-linear-gradient();\n  background: linear-gradient();\n}\n.gallery-shortcode.gallery-masonry-shortcode-id-6c2c6e16e7412ebd195a09d7ec3cca7b .gallery-zoom-ico {\n  width: 44px;\n  height: 44px;\n  line-height: 44px;\n  border-radius: 100px;\n  margin: -22px 0 0 -22px;\n  border-width: 0px;\n  color: #ffffff;\n}\n.dt-icon-bg-on.gallery-shortcode.gallery-masonry-shortcode-id-6c2c6e16e7412ebd195a09d7ec3cca7b .gallery-zoom-ico {\n  background: rgba(255,255,255,0.3);\n  box-shadow: none;\n}\n.gallery-shortcode.gallery-masonry-shortcode-id-6c2c6e16e7412ebd195a09d7ec3cca7b .gallery-zoom-ico:before,\n.gallery-shortcode.gallery-masonry-shortcode-id-6c2c6e16e7412ebd195a09d7ec3cca7b .gallery-zoom-ico span {\n  font-size: 32px;\n  line-height: 44px;\n  color: #ffffff;\n}\n.gallery-shortcode.gallery-masonry-shortcode-id-6c2c6e16e7412ebd195a09d7ec3cca7b:not(.resize-by-browser-width) .dt-css-grid {\n  grid-row-gap: 10px;\n  grid-column-gap: 10px;\n  grid-template-columns: repeat(auto-fill,minmax(,1fr));\n}\n.gallery-shortcode.gallery-masonry-shortcode-id-6c2c6e16e7412ebd195a09d7ec3cca7b:not(.resize-by-browser-width) .dt-css-grid .double-width {\n  grid-column: span 2;\n}\n.cssgridlegacy.no-cssgrid .gallery-shortcode.gallery-masonry-shortcode-id-6c2c6e16e7412ebd195a09d7ec3cca7b:not(.resize-by-browser-width) .dt-css-grid,\n.no-cssgridlegacy.no-cssgrid .gallery-shortcode.gallery-masonry-shortcode-id-6c2c6e16e7412ebd195a09d7ec3cca7b:not(.resize-by-browser-width) .dt-css-grid {\n  display: flex;\n  flex-flow: row wrap;\n  margin: -5px;\n}\n.cssgridlegacy.no-cssgrid .gallery-shortcode.gallery-masonry-shortcode-id-6c2c6e16e7412ebd195a09d7ec3cca7b:not(.resize-by-browser-width) .dt-css-grid .wf-cell,\n.no-cssgridlegacy.no-cssgrid .gallery-shortcode.gallery-masonry-shortcode-id-6c2c6e16e7412ebd195a09d7ec3cca7b:not(.resize-by-browser-width) .dt-css-grid .wf-cell {\n  flex: 1 0 ;\n  max-width: 100%;\n  padding: 5px;\n  box-sizing: border-box;\n}\n.gallery-shortcode.gallery-masonry-shortcode-id-6c2c6e16e7412ebd195a09d7ec3cca7b.resize-by-browser-width .dt-css-grid {\n  grid-template-columns: repeat(2,1fr);\n  grid-template-rows: auto;\n  grid-column-gap: 10px;\n  grid-row-gap: 10px;\n}\n.gallery-shortcode.gallery-masonry-shortcode-id-6c2c6e16e7412ebd195a09d7ec3cca7b.resize-by-browser-width .dt-css-grid .double-width {\n  grid-column: span 2;\n}\n.cssgridlegacy.no-cssgrid .gallery-shortcode.gallery-masonry-shortcode-id-6c2c6e16e7412ebd195a09d7ec3cca7b.resize-by-browser-width .dt-css-grid {\n  margin: -5px;\n}\n.cssgridlegacy.no-cssgrid .gallery-shortcode.gallery-masonry-shortcode-id-6c2c6e16e7412ebd195a09d7ec3cca7b.resize-by-browser-width .dt-css-grid .wf-cell {\n  width: 50%;\n  padding: 5px;\n}\n.cssgridlegacy.no-cssgrid .gallery-shortcode.gallery-masonry-shortcode-id-6c2c6e16e7412ebd195a09d7ec3cca7b.resize-by-browser-width .dt-css-grid .wf-cell.double-width {\n  width: calc(50%) * 2;\n}\n.gallery-shortcode.gallery-masonry-shortcode-id-6c2c6e16e7412ebd195a09d7ec3cca7b.resize-by-browser-width:not(.centered-layout-list):not(.content-bg-on) .dt-css-grid {\n  grid-row-gap: 10px - ;\n}\n@media screen and (max-width: 1199px) {\n  .gallery-shortcode.gallery-masonry-shortcode-id-6c2c6e16e7412ebd195a09d7ec3cca7b.resize-by-browser-width .dt-css-grid {\n    grid-template-columns: repeat(2,1fr);\n  }\n  .cssgridlegacy.no-cssgrid .gallery-shortcode.gallery-masonry-shortcode-id-6c2c6e16e7412ebd195a09d7ec3cca7b.resize-by-browser-width .dt-css-grid .wf-cell,\n  .no-cssgridlegacy.no-cssgrid .gallery-shortcode.gallery-masonry-shortcode-id-6c2c6e16e7412ebd195a09d7ec3cca7b.resize-by-browser-width .dt-css-grid .wf-cell {\n    width: 50%;\n  }\n  .cssgridlegacy.no-cssgrid .gallery-shortcode.gallery-masonry-shortcode-id-6c2c6e16e7412ebd195a09d7ec3cca7b.resize-by-browser-width .dt-css-grid .wf-cell.double-width,\n  .no-cssgridlegacy.no-cssgrid .gallery-shortcode.gallery-masonry-shortcode-id-6c2c6e16e7412ebd195a09d7ec3cca7b.resize-by-browser-width .dt-css-grid .wf-cell.double-width {\n    width: calc(50%)*2;\n  }\n}\n@media screen and (max-width: 991px) {\n  .gallery-shortcode.gallery-masonry-shortcode-id-6c2c6e16e7412ebd195a09d7ec3cca7b.resize-by-browser-width .dt-css-grid {\n    grid-template-columns: repeat(2,1fr);\n  }\n  .cssgridlegacy.no-cssgrid .gallery-shortcode.gallery-masonry-shortcode-id-6c2c6e16e7412ebd195a09d7ec3cca7b.resize-by-browser-width .dt-css-grid .wf-cell,\n  .no-cssgridlegacy.no-cssgrid .gallery-shortcode.gallery-masonry-shortcode-id-6c2c6e16e7412ebd195a09d7ec3cca7b.resize-by-browser-width .dt-css-grid .wf-cell {\n    width: 50%;\n  }\n  .cssgridlegacy.no-cssgrid .gallery-shortcode.gallery-masonry-shortcode-id-6c2c6e16e7412ebd195a09d7ec3cca7b.resize-by-browser-width .dt-css-grid .wf-cell.double-width,\n  .no-cssgridlegacy.no-cssgrid .gallery-shortcode.gallery-masonry-shortcode-id-6c2c6e16e7412ebd195a09d7ec3cca7b.resize-by-browser-width .dt-css-grid .wf-cell.double-width {\n    width: calc(50%)*2;\n  }\n}\n@media screen and (max-width: 767px) {\n  .gallery-shortcode.gallery-masonry-shortcode-id-6c2c6e16e7412ebd195a09d7ec3cca7b.resize-by-browser-width .dt-css-grid {\n    grid-template-columns: repeat(1,1fr);\n  }\n  .cssgridlegacy.no-cssgrid .gallery-shortcode.gallery-masonry-shortcode-id-6c2c6e16e7412ebd195a09d7ec3cca7b.resize-by-browser-width .dt-css-grid .wf-cell,\n  .no-cssgridlegacy.no-cssgrid .gallery-shortcode.gallery-masonry-shortcode-id-6c2c6e16e7412ebd195a09d7ec3cca7b.resize-by-browser-width .dt-css-grid .wf-cell {\n    width: 100%;\n  }\n  .cssgridlegacy.no-cssgrid .gallery-shortcode.gallery-masonry-shortcode-id-6c2c6e16e7412ebd195a09d7ec3cca7b.resize-by-browser-width .dt-css-grid .wf-cell.double-width,\n  .no-cssgridlegacy.no-cssgrid .gallery-shortcode.gallery-masonry-shortcode-id-6c2c6e16e7412ebd195a09d7ec3cca7b.resize-by-browser-width .dt-css-grid .wf-cell.double-width {\n    width: calc(100%)*2;\n  }\n}\n<\/style><div class=\"gallery-shortcode dt-gallery-container gallery-masonry-shortcode-id-6c2c6e16e7412ebd195a09d7ec3cca7b mode-grid jquery-filter dt-icon-bg-off quick-scale-img dt-css-grid-wrap enable-bg-rollover resize-by-browser-width  hover-fade loading-effect-none description-on-hover\" data-padding=\"5px\" data-cur-page=\"1\" data-post-limit=\"-1\" data-pagination-mode=\"none\" data-desktop-columns-num=\"2\" data-v-tablet-columns-num=\"2\" data-h-tablet-columns-num=\"2\" data-phone-columns-num=\"1\" data-width=\"0px\" data-columns=\"0\"><div class=\"dt-css-grid\" ><div class=\"wf-cell\" data-post-id=\"1282\" data-date=\"2021-12-27T10:45:37+00:00\" data-name=\"Cami\u00e3o com contentores \u201cmultibenne\u201d e atrelado\"><figure class=\"post visible\"><a href=\"https:\/\/linhambiente.pt\/wp-content\/uploads\/2021\/12\/Linhambiente_Residuos_Industria_contentores_atrelado.jpg\" class=\"rollover dt-pswp-item layzr-bg\" data-large_image_width=\"1200\" data-large_image_height=\"675\" data-dt-img-description=\"\" title=\"Truck with \u201cMultibenne\u201d containers and trailer\"><img decoding=\"async\" class=\"preload-me iso-lazy-load\" src=\"data:image\/svg+xml,%3Csvg%20xmlns%3D&#39;http%3A%2F%2Fwww.w3.org%2F2000%2Fsvg&#39;%20viewBox%3D&#39;0%200%20768%20432&#39;%2F%3E\" data-src=\"https:\/\/linhambiente.pt\/wp-content\/uploads\/2021\/12\/Linhambiente_Residuos_Industria_contentores_atrelado-768x432.jpg\" data-srcset=\"https:\/\/linhambiente.pt\/wp-content\/uploads\/2021\/12\/Linhambiente_Residuos_Industria_contentores_atrelado-768x432.jpg 768w, https:\/\/linhambiente.pt\/wp-content\/uploads\/2021\/12\/Linhambiente_Residuos_Industria_contentores_atrelado-1152x648.jpg 1152w\" alt=\"Truck with \u201cMultibenne\u201d containers and trailer for Industrial Waste Management\" width=\"768\" height=\"432\"  \/><span class=\"gallery-rollover\"><span class=\"gallery-zoom-ico icomoon-the7-font-the7-zoom-06\"><span><\/span><\/span><\/span><\/a><\/figure><\/div><div class=\"wf-cell\" data-post-id=\"1281\" data-date=\"2021-12-27T10:45:36+00:00\" data-name=\"Cami\u00e3o com contentor \u201cpolibenne\u201d e grifo\"><figure class=\"post visible\"><a href=\"https:\/\/linhambiente.pt\/wp-content\/uploads\/2021\/12\/Linhambiente_Residuos_Industria_contentor_grifo.jpg\" class=\"rollover dt-pswp-item layzr-bg\" data-large_image_width=\"1200\" data-large_image_height=\"675\" data-dt-img-description=\"\" title=\"Truck with \u201cpolybenne\u201d container and claw\"><img decoding=\"async\" class=\"preload-me iso-lazy-load\" src=\"data:image\/svg+xml,%3Csvg%20xmlns%3D&#39;http%3A%2F%2Fwww.w3.org%2F2000%2Fsvg&#39;%20viewBox%3D&#39;0%200%20768%20432&#39;%2F%3E\" data-src=\"https:\/\/linhambiente.pt\/wp-content\/uploads\/2021\/12\/Linhambiente_Residuos_Industria_contentor_grifo-768x432.jpg\" data-srcset=\"https:\/\/linhambiente.pt\/wp-content\/uploads\/2021\/12\/Linhambiente_Residuos_Industria_contentor_grifo-768x432.jpg 768w, https:\/\/linhambiente.pt\/wp-content\/uploads\/2021\/12\/Linhambiente_Residuos_Industria_contentor_grifo-1152x648.jpg 1152w\" alt=\"Truck with \u201cpolibenne\u201d container and claw for industrial waste management\" width=\"768\" height=\"432\"  \/><span class=\"gallery-rollover\"><span class=\"gallery-zoom-ico icomoon-the7-font-the7-zoom-06\"><span><\/span><\/span><\/span><\/a><\/figure><\/div><div class=\"wf-cell\" data-post-id=\"1280\" data-date=\"2021-12-27T10:45:35+00:00\" data-name=\"Contentores compactadores\"><figure class=\"post visible\"><a href=\"https:\/\/linhambiente.pt\/wp-content\/uploads\/2021\/12\/Linhambiente_Residuos_Industria_contentor_compactador.jpg\" class=\"rollover dt-pswp-item layzr-bg\" data-large_image_width=\"1200\" data-large_image_height=\"675\" data-dt-img-description=\"\" title=\"Compactor containers\"><img decoding=\"async\" class=\"preload-me iso-lazy-load\" src=\"data:image\/svg+xml,%3Csvg%20xmlns%3D&#39;http%3A%2F%2Fwww.w3.org%2F2000%2Fsvg&#39;%20viewBox%3D&#39;0%200%20768%20432&#39;%2F%3E\" data-src=\"https:\/\/linhambiente.pt\/wp-content\/uploads\/2021\/12\/Linhambiente_Residuos_Industria_contentor_compactador-768x432.jpg\" data-srcset=\"https:\/\/linhambiente.pt\/wp-content\/uploads\/2021\/12\/Linhambiente_Residuos_Industria_contentor_compactador-768x432.jpg 768w, https:\/\/linhambiente.pt\/wp-content\/uploads\/2021\/12\/Linhambiente_Residuos_Industria_contentor_compactador-1152x648.jpg 1152w\" alt=\"Containers\/compactors for industrial waste management\" width=\"768\" height=\"432\"  \/><span class=\"gallery-rollover\"><span class=\"gallery-zoom-ico icomoon-the7-font-the7-zoom-06\"><span><\/span><\/span><\/span><\/a><\/figure><\/div><div class=\"wf-cell\" data-post-id=\"1108\" data-date=\"2021-12-15T17:36:21+00:00\" data-name=\"Contentores IBCs\"><figure class=\"post visible\"><a href=\"https:\/\/linhambiente.pt\/wp-content\/uploads\/2021\/12\/Linhambiente_Residuos_Industria_IBCs.jpg\" class=\"rollover dt-pswp-item layzr-bg\" data-large_image_width=\"1200\" data-large_image_height=\"673\" data-dt-img-description=\"\" title=\"IBC containers\"><img decoding=\"async\" class=\"preload-me iso-lazy-load\" src=\"data:image\/svg+xml,%3Csvg%20xmlns%3D&#39;http%3A%2F%2Fwww.w3.org%2F2000%2Fsvg&#39;%20viewBox%3D&#39;0%200%20768%20431&#39;%2F%3E\" data-src=\"https:\/\/linhambiente.pt\/wp-content\/uploads\/2021\/12\/Linhambiente_Residuos_Industria_IBCs-768x431.jpg\" data-srcset=\"https:\/\/linhambiente.pt\/wp-content\/uploads\/2021\/12\/Linhambiente_Residuos_Industria_IBCs-768x431.jpg 768w, https:\/\/linhambiente.pt\/wp-content\/uploads\/2021\/12\/Linhambiente_Residuos_Industria_IBCs-1152x647.jpg 1152w\" alt=\"IBC Containers for Industrial Waste Management\" width=\"768\" height=\"431\"  \/><span class=\"gallery-rollover\"><span class=\"gallery-zoom-ico icomoon-the7-font-the7-zoom-06\"><span><\/span><\/span><\/span><\/a><\/figure><\/div><div class=\"wf-cell\" data-post-id=\"1396\" data-date=\"2022-03-02T11:05:36+00:00\" data-name=\"Cami\u00e3o com contentor \u201cpolibenne\u201d e grifo em opera\u00e7\u00e3o\"><figure class=\"post visible\"><a href=\"https:\/\/linhambiente.pt\/wp-content\/uploads\/2022\/03\/MG_0796-min-scaled.jpg\" class=\"rollover dt-pswp-item layzr-bg\" data-large_image_width=\"2560\" data-large_image_height=\"1440\" data-dt-img-description=\"\" title=\"Truck with \u201cpolibenne\u201d container and claw in operation\"><img decoding=\"async\" class=\"preload-me iso-lazy-load\" src=\"data:image\/svg+xml,%3Csvg%20xmlns%3D&#39;http%3A%2F%2Fwww.w3.org%2F2000%2Fsvg&#39;%20viewBox%3D&#39;0%200%20768%20432&#39;%2F%3E\" data-src=\"https:\/\/linhambiente.pt\/wp-content\/uploads\/2022\/03\/MG_0796-min-scaled-768x432.jpg\" data-srcset=\"https:\/\/linhambiente.pt\/wp-content\/uploads\/2022\/03\/MG_0796-min-scaled-768x432.jpg 768w, https:\/\/linhambiente.pt\/wp-content\/uploads\/2022\/03\/MG_0796-min-scaled-1152x648.jpg 1152w\" alt=\"Truck with \u201cpolibenne\u201d container and claw in operation in the management of Industrial Waste\" width=\"768\" height=\"432\"  \/><span class=\"gallery-rollover\"><span class=\"gallery-zoom-ico icomoon-the7-font-the7-zoom-06\"><span><\/span><\/span><\/span><\/a><\/figure><\/div><div class=\"wf-cell\" data-post-id=\"1397\" data-date=\"2022-03-02T11:05:40+00:00\" data-name=\"Equipamentos utilizados pela Linhambiente na gest\u00e3o de Res\u00edduos Industriais\"><figure class=\"post visible\"><a href=\"https:\/\/linhambiente.pt\/wp-content\/uploads\/2022\/03\/MG_0813-min-scaled.jpg\" class=\"rollover dt-pswp-item layzr-bg\" data-large_image_width=\"2560\" data-large_image_height=\"1440\" data-dt-img-description=\"\" title=\"Equipment used by Linhambiente in the management of Industrial Waste\"><img decoding=\"async\" class=\"preload-me iso-lazy-load\" src=\"data:image\/svg+xml,%3Csvg%20xmlns%3D&#39;http%3A%2F%2Fwww.w3.org%2F2000%2Fsvg&#39;%20viewBox%3D&#39;0%200%20768%20432&#39;%2F%3E\" data-src=\"https:\/\/linhambiente.pt\/wp-content\/uploads\/2022\/03\/MG_0813-min-scaled-768x432.jpg\" data-srcset=\"https:\/\/linhambiente.pt\/wp-content\/uploads\/2022\/03\/MG_0813-min-scaled-768x432.jpg 768w, https:\/\/linhambiente.pt\/wp-content\/uploads\/2022\/03\/MG_0813-min-scaled-1152x648.jpg 1152w\" alt=\"Truck with \u201cpolibenne\u201d container and forklift in operation in the management of Industrial Waste\" width=\"768\" height=\"432\"  \/><span class=\"gallery-rollover\"><span class=\"gallery-zoom-ico icomoon-the7-font-the7-zoom-06\"><span><\/span><\/span><\/span><\/a><\/figure><\/div><\/div><!-- iso-container|iso-grid --><\/div><\/div><\/div><\/div><div class=\"wpb_column vc_column_container vc_col-sm-6\"><div class=\"vc_column-inner\"><div class=\"wpb_wrapper\">\n\t<div class=\"wpb_text_column wpb_content_element  vc_custom_1639589033535\" >\n\t\t<div class=\"wpb_wrapper\">\n\t\t\t<p><span style=\"color: #000000;\">All industries are different. And yet, they are all equal in one point: they generate waste. At Linhambiente, we develop tailor-made solutions for each Client.<\/span><\/p>\n\n\t\t<\/div>\n\t<\/div>\n<div class=\"uavc-list-icon uavc-list-icon-wrapper ult-adjust-bottom-margin\"><ul class=\"uavc-list\"><li><div class=\"uavc-list-content\" id=\"list-icon-wrap-3021\">\n<div class=\"uavc-list-icon\" data-animation=\"\" data-animation-delay=\"03\" style=\"margin-right:15px;\"><div class=\"ult-just-icon-wrapper\"><div class=\"align-icon\" style=\"text-align:center;\">\n<div class=\"aio-icon none\"  style=\"color:#9cc550;font-size:30px;display:inline-block;\">\n\t<i class=\"fas fa-check-circle\"><\/i>\n<\/div><\/div><\/div>\n<\/div><span  data-ultimate-target='#list-icon-wrap-3021 .uavc-list-desc'  data-responsive-json-new='{\"font-size\":\"\",\"line-height\":\"\"}'  class=\"uavc-list-desc ult-responsive\" style=\"\"><span style=\"color: #000000;\"><strong>The first step is to identify the waste and to choose the adequate packaging.<\/strong><\/span><\/span><\/div><\/li><li><div class=\"uavc-list-content\" id=\"list-icon-wrap-3182\">\n<div class=\"uavc-list-icon\" data-animation=\"\" data-animation-delay=\"03\" style=\"margin-right:15px;\"><div class=\"ult-just-icon-wrapper\"><div class=\"align-icon\" style=\"text-align:center;\">\n<div class=\"aio-icon none\"  style=\"color:#9cc550;font-size:30px;display:inline-block;\">\n\t<i class=\"fas fa-check-circle\"><\/i>\n<\/div><\/div><\/div>\n<\/div><span  data-ultimate-target='#list-icon-wrap-3182 .uavc-list-desc'  data-responsive-json-new='{\"font-size\":\"\",\"line-height\":\"\"}'  class=\"uavc-list-desc ult-responsive\" style=\"\"><strong><span style=\"color: #000000;\">The next step is to separate them at the source.<\/span><\/strong><\/span><\/div><\/li><li><div class=\"uavc-list-content\" id=\"list-icon-wrap-7703\">\n<div class=\"uavc-list-icon\" data-animation=\"\" data-animation-delay=\"03\" style=\"margin-right:15px;\"><div class=\"ult-just-icon-wrapper\"><div class=\"align-icon\" style=\"text-align:center;\">\n<div class=\"aio-icon none\"  style=\"color:#9cc550;font-size:30px;display:inline-block;\">\n\t<i class=\"fas fa-check-circle\"><\/i>\n<\/div><\/div><\/div>\n<\/div><span  data-ultimate-target='#list-icon-wrap-7703 .uavc-list-desc'  data-responsive-json-new='{\"font-size\":\"\",\"line-height\":\"\"}'  class=\"uavc-list-desc ult-responsive\" style=\"\"><strong><span style=\"color: #000000;\">This is followed by collection and transport in order to begin the sorting and processing process.<\/span><\/strong><\/span><\/div><\/li><\/ul><\/div>\n\t<div class=\"wpb_text_column wpb_content_element  vc_custom_1639590761906\" >\n\t\t<div class=\"wpb_wrapper\">\n\t\t\t<p data-renderer-start-pos=\"4319\"><span style=\"color: #000000;\"> At this point, Linhambiente always privileges Recycling to generate new Resources. When this is not technically and\/or financially possible, the waste is sent for disposal.<\/span><\/p>\n<p data-renderer-start-pos=\"4319\"><strong><span style=\"color: #000000;\">Contact us for more information.<\/span><\/strong><\/p>\n<p data-renderer-start-pos=\"4356\"><span style=\"color: #000000;\">The environment thanks you.<\/span><\/p>\n\n\t\t<\/div>\n\t<\/div>\n<\/div><\/div><\/div><\/div><div data-vc-full-width=\"true\" data-vc-full-width-init=\"false\" class=\"vc_row wpb_row vc_row-fluid vc_custom_1632408959763 vc_row-has-fill\"><div class=\"wpb_column vc_column_container vc_col-sm-12\"><div class=\"vc_column-inner\"><div class=\"wpb_wrapper\"><div id=\"ultimate-heading-731369e5ca7b72e1d\" class=\"uvc-heading ult-adjust-bottom-margin ultimate-heading-731369e5ca7b72e1d uvc-2776  uvc-heading-default-font-sizes\" data-hspacer=\"no_spacer\"  data-halign=\"center\" style=\"text-align:center\"><div class=\"uvc-heading-spacer no_spacer\" style=\"top\"><\/div><div class=\"uvc-main-heading ult-responsive\"  data-ultimate-target='.uvc-heading.ultimate-heading-731369e5ca7b72e1d h3'  data-responsive-json-new='{\"font-size\":\"\",\"line-height\":\"\"}' ><h3 style=\"font-weight:bold;color:#000000;margin-bottom:20px;\">For more information or quote requests<\/h3><\/div><\/div><style type=\"text\/css\" data-type=\"the7_shortcodes-inline-css\">#default-btn-ec9f3db0cd6c3a81987dd779caa6407b.ico-right-side > i {\n  margin-right: 0px;\n  margin-left: 8px;\n}\n#default-btn-ec9f3db0cd6c3a81987dd779caa6407b > i {\n  margin-right: 8px;\n}\n<\/style><div class=\"btn-align-center\"><a href=\"https:\/\/linhambiente.pt\/en\/contact-us\/\" class=\"default-btn-shortcode dt-btn dt-btn-l link-hover-off  vc_custom_1639589448497\" id=\"default-btn-ec9f3db0cd6c3a81987dd779caa6407b\" title=\"Contacts\"><i class=\"far fa-comments\"><\/i><span>Contact us<\/span><\/a><\/div>\n\t<div class=\"wpb_text_column wpb_content_element\" >\n\t\t<div class=\"wpb_wrapper\">\n\t\t\t<p style=\"text-align: center;\"><span style=\"color: #000000;\">Or send us an email to <strong><a style=\"color: #000000; text-decoration: none;\" href=\"mailto:comercial@linhambiente.pt\">comercial@linhambiente.pt<\/a><\/strong><\/span><\/p>\n\n\t\t<\/div>\n\t<\/div>\n<\/div><\/div><\/div><\/div><div class=\"vc_row-full-width vc_clearfix\"><\/div>","protected":false},"excerpt":{"rendered":"<p>Todas as ind\u00fastrias s\u00e3o diferentes. E no entanto, iguais num ponto: geram res\u00edduos. Na Linhambiente, desenvolvemos solu\u00e7\u00f5es \u00e0 medida de cada Cliente. O primeiro passo \u00e9 o da identifica\u00e7\u00e3o dos res\u00edduos e a escolha do acondicionamento. De seguida procede-se \u00e0 separa\u00e7\u00e3o dos mesmos na origem. Segue-se a recolha e o transporte para se iniciar o&hellip;<\/p>","protected":false},"author":1,"featured_media":0,"parent":12,"menu_order":25,"comment_status":"closed","ping_status":"closed","template":"","meta":{"footnotes":""},"class_list":["post-643","page","type-page","status-publish","hentry","description-off"],"_links":{"self":[{"href":"https:\/\/linhambiente.pt\/en\/wp-json\/wp\/v2\/pages\/643","targetHints":{"allow":["GET"]}}],"collection":[{"href":"https:\/\/linhambiente.pt\/en\/wp-json\/wp\/v2\/pages"}],"about":[{"href":"https:\/\/linhambiente.pt\/en\/wp-json\/wp\/v2\/types\/page"}],"author":[{"embeddable":true,"href":"https:\/\/linhambiente.pt\/en\/wp-json\/wp\/v2\/users\/1"}],"replies":[{"embeddable":true,"href":"https:\/\/linhambiente.pt\/en\/wp-json\/wp\/v2\/comments?post=643"}],"version-history":[{"count":46,"href":"https:\/\/linhambiente.pt\/en\/wp-json\/wp\/v2\/pages\/643\/revisions"}],"predecessor-version":[{"id":2369,"href":"https:\/\/linhambiente.pt\/en\/wp-json\/wp\/v2\/pages\/643\/revisions\/2369"}],"up":[{"embeddable":true,"href":"https:\/\/linhambiente.pt\/en\/wp-json\/wp\/v2\/pages\/12"}],"wp:attachment":[{"href":"https:\/\/linhambiente.pt\/en\/wp-json\/wp\/v2\/media?parent=643"}],"curies":[{"name":"wp","href":"https:\/\/api.w.org\/{rel}","templated":true}]}}