{"id":490,"date":"2019-01-23T15:23:22","date_gmt":"2019-01-23T15:23:22","guid":{"rendered":"https:\/\/the7.io\/weed\/?page_id=4"},"modified":"2024-03-05T10:58:47","modified_gmt":"2024-03-05T10:58:47","slug":"home-2","status":"publish","type":"page","link":"https:\/\/linhambiente.pt\/en\/","title":{"rendered":"Home"},"content":{"rendered":"<div class=\"vc_row wpb_row vc_row-fluid vc_custom_1639755867852 vc_row-has-fill\"><div class=\"wpb_column vc_column_container vc_col-sm-12 vc_col-lg-offset-1 vc_col-lg-10 vc_col-md-offset-1 vc_col-md-10\"><div class=\"vc_column-inner vc_custom_1639758441725\"><div class=\"wpb_wrapper\"><div id=\"ultimate-heading-649569f530f2878fb\" class=\"uvc-heading ult-adjust-bottom-margin ultimate-heading-649569f530f2878fb uvc-7925 accent-title-color color-title\" data-hspacer=\"no_spacer\"  data-halign=\"center\" style=\"text-align:center\"><div class=\"uvc-heading-spacer no_spacer\" style=\"top\"><\/div><div class=\"uvc-main-heading ult-responsive\"  data-ultimate-target='.uvc-heading.ultimate-heading-649569f530f2878fb h2'  data-responsive-json-new='{\"font-size\":\"desktop:18px;\",\"line-height\":\"desktop:28px;\"}' ><h2 style=\"font-weight:bold;margin-bottom:10px;\">Integrated waste management solutions for your business<\/h2><\/div><div class=\"uvc-sub-heading ult-responsive\"  data-ultimate-target='.uvc-heading.ultimate-heading-649569f530f2878fb .uvc-sub-heading '  data-responsive-json-new='{\"font-size\":\"desktop:34px;\",\"line-height\":\"desktop:44px;\"}'  style=\"font-weight:bold;margin-bottom:20px;\">We are Linhambiente<\/div><\/div>\n\t<div class=\"wpb_text_column wpb_content_element\" >\n\t\t<div class=\"wpb_wrapper\">\n\t\t\t<p>At Linhambiente we develop specific solutions designed to manage different types of waste. More than a waste management company, we are a player in the Circular Economy, transforming waste into resources.<\/p>\n\n\t\t<\/div>\n\t<\/div>\n<\/div><\/div><\/div><\/div><!-- Row Backgrounds --><div class=\"upb_color\" data-bg-override=\"0\" data-bg-color=\"\" data-fadeout=\"\" data-fadeout-percentage=\"30\" data-parallax-content=\"\" data-parallax-content-sense=\"30\" data-row-effect-mobile-disable=\"true\" data-img-parallax-mobile-disable=\"true\" data-rtl=\"false\"  data-custom-vc-row=\"\"  data-vc=\"6.8.0\"  data-is_old_vc=\"\"  data-theme-support=\"\"   data-overlay=\"false\" data-overlay-color=\"\" data-overlay-pattern=\"\" data-overlay-pattern-opacity=\"\" data-overlay-pattern-size=\"\"    ><\/div><div data-vc-full-width=\"true\" data-vc-full-width-init=\"false\" class=\"vc_row wpb_row vc_row-fluid vc_custom_1632408850805 vc_row-has-fill\"><div class=\"wpb_column vc_column_container vc_col-sm-12\"><div class=\"vc_column-inner vc_custom_1550586394607\"><div class=\"wpb_wrapper\"><div id=\"ultimate-heading-375269f530f28933f\" class=\"uvc-heading ult-adjust-bottom-margin ultimate-heading-375269f530f28933f uvc-5662 accent-subtitle-color uvc-heading-default-font-sizes\" data-hspacer=\"no_spacer\"  data-halign=\"center\" style=\"text-align:center\"><div class=\"uvc-heading-spacer no_spacer\" style=\"top\"><\/div><div class=\"uvc-main-heading ult-responsive\"  data-ultimate-target='.uvc-heading.ultimate-heading-375269f530f28933f h4'  data-responsive-json-new='{\"font-size\":\"\",\"line-height\":\"\"}' ><h4 style=\"font-weight:bold;color:#000000;margin-bottom:20px;\">For more information or quote requests<\/h4><\/div><\/div><style type=\"text\/css\" data-type=\"the7_shortcodes-inline-css\">#default-btn-46073ec3a41ab62fa2f5fa3e09568e7e.ico-right-side > i {\n  margin-right: 0px;\n  margin-left: 10px;\n}\n#default-btn-46073ec3a41ab62fa2f5fa3e09568e7e > i {\n  margin-right: 10px;\n}\n<\/style><div class=\"btn-align-center\"><a href=\"https:\/\/linhambiente.pt\/en\/contact-us\/\" class=\"default-btn-shortcode dt-btn dt-btn-l link-hover-off\" id=\"default-btn-46073ec3a41ab62fa2f5fa3e09568e7e\" title=\"Contacts\"><i class=\"far fa-comments\"><\/i><span>Contact us<\/span><\/a><\/div>\n\t<div class=\"wpb_text_column wpb_content_element  vc_custom_1709636313095\" >\n\t\t<div class=\"wpb_wrapper\">\n\t\t\t<p style=\"text-align: center;\"><span style=\"color: #000000;\">Or send us an email to <strong><a style=\"text-decoration: none; color: #000000;\" href=\"mailto:comercial@linhambiente.pt\">comercial@linhambiente.pt<\/a><\/strong><\/span><\/p>\n\n\t\t<\/div>\n\t<\/div>\n<\/div><\/div><\/div><\/div><div class=\"vc_row-full-width vc_clearfix\"><\/div>","protected":false},"excerpt":{"rendered":"<p>Solu\u00e7\u00f5es integradas de gest\u00e3o de res\u00edduos para o seu neg\u00f3cioSomos a Linhambiente Na Linhambiente, desenvolvemos solu\u00e7\u00f5es adequadas \u00e0 gest\u00e3o de diferentes tipos de res\u00edduos.\u00a0Mais do que uma empresa de gest\u00e3o de res\u00edduos, somos um player da Economia Circular, transformando res\u00edduos em recursos. Para mais Informa\u00e7\u00f5es ou Pedidos de Or\u00e7amento Ou envie-nos um email para comercial@linhambiente.pt<\/p>","protected":false},"author":1,"featured_media":0,"parent":0,"menu_order":10,"comment_status":"closed","ping_status":"closed","template":"","meta":{"footnotes":""},"class_list":["post-490","page","type-page","status-publish","hentry","description-off"],"_links":{"self":[{"href":"https:\/\/linhambiente.pt\/en\/wp-json\/wp\/v2\/pages\/490","targetHints":{"allow":["GET"]}}],"collection":[{"href":"https:\/\/linhambiente.pt\/en\/wp-json\/wp\/v2\/pages"}],"about":[{"href":"https:\/\/linhambiente.pt\/en\/wp-json\/wp\/v2\/types\/page"}],"author":[{"embeddable":true,"href":"https:\/\/linhambiente.pt\/en\/wp-json\/wp\/v2\/users\/1"}],"replies":[{"embeddable":true,"href":"https:\/\/linhambiente.pt\/en\/wp-json\/wp\/v2\/comments?post=490"}],"version-history":[{"count":150,"href":"https:\/\/linhambiente.pt\/en\/wp-json\/wp\/v2\/pages\/490\/revisions"}],"predecessor-version":[{"id":2349,"href":"https:\/\/linhambiente.pt\/en\/wp-json\/wp\/v2\/pages\/490\/revisions\/2349"}],"wp:attachment":[{"href":"https:\/\/linhambiente.pt\/en\/wp-json\/wp\/v2\/media?parent=490"}],"curies":[{"name":"wp","href":"https:\/\/api.w.org\/{rel}","templated":true}]}}